{"id":921,"date":"2017-01-28T09:24:11","date_gmt":"2017-01-28T08:24:11","guid":{"rendered":"http:\/\/chatel-medieval.com\/?page_id=921"},"modified":"2021-05-05T13:36:45","modified_gmt":"2021-05-05T11:36:45","slug":"mentions-legales","status":"publish","type":"page","link":"https:\/\/chatel-medieval.com\/en\/mentions-legales\/","title":{"rendered":"Mentions l\u00e9gales"},"content":{"rendered":"<div>\n<div>\n<div>\n<div class=\"block-editor-block-list__layout is-root-container\">\n<p id=\"block-e8c7da68-da1c-4726-99c3-5557c35f9bdc\" class=\"block-editor-rich-text__editable block-editor-block-list__block wp-block rich-text\" tabindex=\"0\" role=\"group\" aria-multiline=\"true\" aria-label=\"Bloc paragraphe\" data-block=\"e8c7da68-da1c-4726-99c3-5557c35f9bdc\" data-type=\"core\/paragraph\" data-title=\"Paragraphe\"><strong><em data-rich-text-format-boundary=\"true\">Nom de l&#8217;association:<\/em><\/strong><br data-rich-text-line-break=\"true\" \/>Association du Vieux Ch\u00e2tel<\/p>\n<p id=\"block-bdcf78c7-dac6-4dcc-9f8a-cc8f8144e7be\" class=\"block-editor-rich-text__editable block-editor-block-list__block wp-block rich-text\" tabindex=\"0\" role=\"group\" aria-multiline=\"true\" aria-label=\"Bloc paragraphe\" data-block=\"bdcf78c7-dac6-4dcc-9f8a-cc8f8144e7be\" data-type=\"core\/paragraph\" data-title=\"Paragraphe\"><strong><em>Adresse:<\/em><\/strong><br data-rich-text-line-break=\"true\" \/>8 rue des Capucins<br data-rich-text-line-break=\"true\" \/>88330 Ch\u00e2tel sur Moselle<\/p>\n<p id=\"block-963b7418-bfee-4a06-a92c-1d8dbd51d9f9\" class=\"block-editor-rich-text__editable block-editor-block-list__block wp-block rich-text\" tabindex=\"0\" role=\"group\" aria-multiline=\"true\" aria-label=\"Bloc paragraphe\" data-block=\"963b7418-bfee-4a06-a92c-1d8dbd51d9f9\" data-type=\"core\/paragraph\" data-title=\"Paragraphe\"><em><strong>Tel:<\/strong><\/em><br data-rich-text-line-break=\"true\" \/>03.29.67.14.18<\/p>\n<p id=\"block-eb33bd38-4736-475b-b035-afa3fbbd1b53\" class=\"block-editor-rich-text__editable block-editor-block-list__block wp-block rich-text\" tabindex=\"0\" role=\"group\" aria-multiline=\"true\" aria-label=\"Bloc paragraphe\" data-block=\"eb33bd38-4736-475b-b035-afa3fbbd1b53\" data-type=\"core\/paragraph\" data-title=\"Paragraphe\"><strong><em>Pr\u00e9sident de l&#8217;association:<\/em><\/strong><br data-rich-text-line-break=\"true\" \/>Gilles DEBRY<\/p>\n<p id=\"block-5889e28a-220c-4320-bd4a-4bb6c6d42d35\" class=\"block-editor-rich-text__editable block-editor-block-list__block wp-block rich-text\" style=\"text-align: justify;\" tabindex=\"0\" role=\"group\" aria-multiline=\"true\" aria-label=\"Bloc paragraphe\" data-block=\"5889e28a-220c-4320-bd4a-4bb6c6d42d35\" data-type=\"core\/paragraph\" data-title=\"Paragraphe\"><strong><em>Traitement des donn\u00e9es personnelles:<\/em><\/strong><br data-rich-text-line-break=\"true\" \/>Les informations qui vous concernent sont destin\u00e9es \u00e0 l&#8217;Association du Vieux Ch\u00e2tel.<br data-rich-text-line-break=\"true\" \/><br data-rich-text-line-break=\"true\" \/>L&#8217;Association du Vieux Ch\u00e2tel conserve ces informations de mani\u00e8re confidentielle, pendant une dur\u00e9e justifi\u00e9e par les n\u00e9cessit\u00e9s de mise en \u0153uvre du service public et dans le respect des d\u00e9lais l\u00e9gaux en vigueur.<br data-rich-text-line-break=\"true\" \/>Les informations collect\u00e9es, et pr\u00e9alablement rendues anonymes, peuvent \u00eatre utilis\u00e9es \u00e0 des fins statistiques.<br data-rich-text-line-break=\"true\" \/><br data-rich-text-line-break=\"true\" \/>Si vous souhaitez obtenir des informations concernant ces donn\u00e9es, n&#8217;h\u00e9sitez pas \u00e0 contacter l&#8217;Association du Vieux Ch\u00e2tel :<br data-rich-text-line-break=\"true\" \/>8 rue des Capucins<br data-rich-text-line-break=\"true\" \/>88330 Ch\u00e2tel sur Moselle<\/p>\n<div class=\"block-list-appender wp-block\" tabindex=\"-1\">\u00a0<\/div>\n<\/div>\n<\/div>\n<\/div>\n<\/div>\n<div tabindex=\"0\">\u00a0<\/div>\n\n\n<p><\/p>\n","protected":false},"excerpt":{"rendered":"<p>Nom de l&#8217;association:Association du Vieux Ch\u00e2tel Adresse:8 rue des Capucins88330 Ch\u00e2tel sur Moselle <a class=\"more-link\" href=\"https:\/\/chatel-medieval.com\/en\/mentions-legales\/\">Lire la suite<\/a><\/p>\n","protected":false},"author":1,"featured_media":0,"parent":0,"menu_order":0,"comment_status":"closed","ping_status":"closed","template":"","meta":{"inline_featured_image":false,"editor_plus_copied_stylings":"{}"},"translation":{"provider":"WPGlobus","version":"2.12.2","language":"en","enabled_languages":["fr","en"],"languages":{"fr":{"title":true,"content":true,"excerpt":false},"en":{"title":false,"content":false,"excerpt":false}}},"_links":{"self":[{"href":"https:\/\/chatel-medieval.com\/en\/wp-json\/wp\/v2\/pages\/921"}],"collection":[{"href":"https:\/\/chatel-medieval.com\/en\/wp-json\/wp\/v2\/pages"}],"about":[{"href":"https:\/\/chatel-medieval.com\/en\/wp-json\/wp\/v2\/types\/page"}],"author":[{"embeddable":true,"href":"https:\/\/chatel-medieval.com\/en\/wp-json\/wp\/v2\/users\/1"}],"replies":[{"embeddable":true,"href":"https:\/\/chatel-medieval.com\/en\/wp-json\/wp\/v2\/comments?post=921"}],"version-history":[{"count":12,"href":"https:\/\/chatel-medieval.com\/en\/wp-json\/wp\/v2\/pages\/921\/revisions"}],"predecessor-version":[{"id":3488,"href":"https:\/\/chatel-medieval.com\/en\/wp-json\/wp\/v2\/pages\/921\/revisions\/3488"}],"wp:attachment":[{"href":"https:\/\/chatel-medieval.com\/en\/wp-json\/wp\/v2\/media?parent=921"}],"curies":[{"name":"wp","href":"https:\/\/api.w.org\/{rel}","templated":true}]}}