{"id":78,"date":"2017-01-19T12:23:55","date_gmt":"2017-01-19T11:23:55","guid":{"rendered":"http:\/\/chatel-medieval.com\/?page_id=78"},"modified":"2022-07-10T10:10:32","modified_gmt":"2022-07-10T08:10:32","slug":"en-une","status":"publish","type":"page","link":"https:\/\/chatel-medieval.com\/en\/en-une\/","title":{"rendered":"News"},"content":{"rendered":"<p>De juillet \u00e0 septembre : une exposition intitul\u00e9e &#8220;50 ans 50 photos&#8221; est actuellement visitable dans les celliers de l&#8217;arsenal. Elle \u00e0 pour th\u00e8me l&#8217;anniversaire des 50 ans de cr\u00e9ation de l&#8217;Association du Vieux Ch\u00e2tel. N&#8217;h\u00e9sitez pas \u00e0 venir la d\u00e9couvrir !<\/p>\n<p>Visite aux torches estivale de la Forteresse le samedi 16 juillet au soir.<\/p>\n","protected":false},"excerpt":{"rendered":"<p>De juillet \u00e0 septembre : une exposition intitul\u00e9e &#8220;50 ans 50 photos&#8221; est <a class=\"more-link\" href=\"https:\/\/chatel-medieval.com\/en\/en-une\/\">Lire la suite<\/a><\/p>\n","protected":false},"author":1,"featured_media":0,"parent":0,"menu_order":0,"comment_status":"closed","ping_status":"closed","template":"","meta":{"inline_featured_image":false,"editor_plus_copied_stylings":"{}"},"translation":{"provider":"WPGlobus","version":"2.12.2","language":"en","enabled_languages":["fr","en"],"languages":{"fr":{"title":true,"content":true,"excerpt":false},"en":{"title":true,"content":false,"excerpt":false}}},"_links":{"self":[{"href":"https:\/\/chatel-medieval.com\/en\/wp-json\/wp\/v2\/pages\/78"}],"collection":[{"href":"https:\/\/chatel-medieval.com\/en\/wp-json\/wp\/v2\/pages"}],"about":[{"href":"https:\/\/chatel-medieval.com\/en\/wp-json\/wp\/v2\/types\/page"}],"author":[{"embeddable":true,"href":"https:\/\/chatel-medieval.com\/en\/wp-json\/wp\/v2\/users\/1"}],"replies":[{"embeddable":true,"href":"https:\/\/chatel-medieval.com\/en\/wp-json\/wp\/v2\/comments?post=78"}],"version-history":[{"count":9,"href":"https:\/\/chatel-medieval.com\/en\/wp-json\/wp\/v2\/pages\/78\/revisions"}],"predecessor-version":[{"id":4704,"href":"https:\/\/chatel-medieval.com\/en\/wp-json\/wp\/v2\/pages\/78\/revisions\/4704"}],"wp:attachment":[{"href":"https:\/\/chatel-medieval.com\/en\/wp-json\/wp\/v2\/media?parent=78"}],"curies":[{"name":"wp","href":"https:\/\/api.w.org\/{rel}","templated":true}]}}