{"id":750,"date":"2017-01-26T23:49:19","date_gmt":"2017-01-26T22:49:19","guid":{"rendered":"http:\/\/chatel-medieval.com\/?page_id=750"},"modified":"2021-05-07T11:17:59","modified_gmt":"2021-05-07T09:17:59","slug":"boutique","status":"publish","type":"page","link":"https:\/\/chatel-medieval.com\/en\/boutique\/","title":{"rendered":"Boutique"},"content":{"rendered":"<p style=\"text-align: justify;\">Vous trouverez dans la boutique des cartes postales, des livres, des jouets pour enfants ainsi que le CD retra\u00e7ant l&#8217;histoire de la forteresse.<\/p>\n<p style=\"text-align: justify;\">Sont \u00e9galement propos\u00e9s \u00e0 la vente des boissons fra\u00eeches, du th\u00e9, du caf\u00e9 et des friandises.<\/p>\n<p>Il vous sera bient\u00f4t propos\u00e9 une boutique en ligne<\/p>\n\n\n<figure class=\"wp-block-image\"><img alt=\"\"\/><\/figure>\n","protected":false},"excerpt":{"rendered":"<p>Vous trouverez dans la boutique des cartes postales, des livres, des jouets pour <a class=\"more-link\" href=\"https:\/\/chatel-medieval.com\/en\/boutique\/\">Lire la suite<\/a><\/p>\n","protected":false},"author":2,"featured_media":0,"parent":0,"menu_order":0,"comment_status":"closed","ping_status":"closed","template":"","meta":{"inline_featured_image":false,"editor_plus_copied_stylings":"{}"},"translation":{"provider":"WPGlobus","version":"2.12.2","language":"en","enabled_languages":["fr","en"],"languages":{"fr":{"title":true,"content":true,"excerpt":false},"en":{"title":false,"content":false,"excerpt":false}}},"_links":{"self":[{"href":"https:\/\/chatel-medieval.com\/en\/wp-json\/wp\/v2\/pages\/750"}],"collection":[{"href":"https:\/\/chatel-medieval.com\/en\/wp-json\/wp\/v2\/pages"}],"about":[{"href":"https:\/\/chatel-medieval.com\/en\/wp-json\/wp\/v2\/types\/page"}],"author":[{"embeddable":true,"href":"https:\/\/chatel-medieval.com\/en\/wp-json\/wp\/v2\/users\/2"}],"replies":[{"embeddable":true,"href":"https:\/\/chatel-medieval.com\/en\/wp-json\/wp\/v2\/comments?post=750"}],"version-history":[{"count":8,"href":"https:\/\/chatel-medieval.com\/en\/wp-json\/wp\/v2\/pages\/750\/revisions"}],"predecessor-version":[{"id":3555,"href":"https:\/\/chatel-medieval.com\/en\/wp-json\/wp\/v2\/pages\/750\/revisions\/3555"}],"wp:attachment":[{"href":"https:\/\/chatel-medieval.com\/en\/wp-json\/wp\/v2\/media?parent=750"}],"curies":[{"name":"wp","href":"https:\/\/api.w.org\/{rel}","templated":true}]}}