{"id":744,"date":"2017-01-26T23:48:17","date_gmt":"2017-01-26T22:48:17","guid":{"rendered":"http:\/\/chatel-medieval.com\/?page_id=744"},"modified":"2021-05-04T15:13:11","modified_gmt":"2021-05-04T13:13:11","slug":"approfondir","status":"publish","type":"page","link":"https:\/\/chatel-medieval.com\/en\/approfondir\/","title":{"rendered":"Approfondir"},"content":{"rendered":"\n<p>Pour approfondir votre connaissance du monument, une brochure explicative et un DVD sont en vente \u00e0 la boutique.<\/p>\n\n\n\n<p>Vous pourrez aussi consulter ou acheter l\u2019ouvrage du professeur Giuliato intitul\u00e9 \u201cCh\u00e2teaux et villes fortes du Comt\u00e9 de Vaud\u00e9mont en Lorraine m\u00e9di\u00e9vale\u201d.<\/p>\n\n\n\n<p>Les Etats du colloque tenus en d\u00e9cembre 2015 sur la r\u00e9volution de la poudre noire dans l\u2019artillerie sont disponibles depuis l\u2019\u00e9t\u00e9 2018.<\/p>\n","protected":false},"excerpt":{"rendered":"<p>Pour approfondir votre connaissance du monument, une brochure explicative et un DVD sont <a class=\"more-link\" href=\"https:\/\/chatel-medieval.com\/en\/approfondir\/\">Lire la suite<\/a><\/p>\n","protected":false},"author":2,"featured_media":0,"parent":0,"menu_order":0,"comment_status":"closed","ping_status":"closed","template":"","meta":{"inline_featured_image":false,"editor_plus_copied_stylings":"{}"},"translation":{"provider":"WPGlobus","version":"2.12.2","language":"en","enabled_languages":["fr","en"],"languages":{"fr":{"title":true,"content":true,"excerpt":false},"en":{"title":true,"content":true,"excerpt":false}}},"_links":{"self":[{"href":"https:\/\/chatel-medieval.com\/en\/wp-json\/wp\/v2\/pages\/744"}],"collection":[{"href":"https:\/\/chatel-medieval.com\/en\/wp-json\/wp\/v2\/pages"}],"about":[{"href":"https:\/\/chatel-medieval.com\/en\/wp-json\/wp\/v2\/types\/page"}],"author":[{"embeddable":true,"href":"https:\/\/chatel-medieval.com\/en\/wp-json\/wp\/v2\/users\/2"}],"replies":[{"embeddable":true,"href":"https:\/\/chatel-medieval.com\/en\/wp-json\/wp\/v2\/comments?post=744"}],"version-history":[{"count":8,"href":"https:\/\/chatel-medieval.com\/en\/wp-json\/wp\/v2\/pages\/744\/revisions"}],"predecessor-version":[{"id":3454,"href":"https:\/\/chatel-medieval.com\/en\/wp-json\/wp\/v2\/pages\/744\/revisions\/3454"}],"wp:attachment":[{"href":"https:\/\/chatel-medieval.com\/en\/wp-json\/wp\/v2\/media?parent=744"}],"curies":[{"name":"wp","href":"https:\/\/api.w.org\/{rel}","templated":true}]}}