{"id":721,"date":"2017-01-26T21:19:41","date_gmt":"2017-01-26T20:19:41","guid":{"rendered":"http:\/\/chatel-medieval.com\/?page_id=721"},"modified":"2023-08-24T11:01:07","modified_gmt":"2023-08-24T09:01:07","slug":"accessibilite","status":"publish","type":"page","link":"https:\/\/chatel-medieval.com\/en\/preparer-sa-visite\/accessibilite\/","title":{"rendered":"Accessibilit\u00e9"},"content":{"rendered":"<p style=\"text-align: justify;\">Les personnes \u00e0 mobilit\u00e9 r\u00e9duite pourront visiter les ext\u00e9rieurs, ce qui comprend l\u2019enceinte Nord, le foss\u00e9 Nord et la plateforme des Neufch\u00e2tel qui offre une vue magnifique sur la Moselle. Vous aurez aussi acc\u00e8s au mus\u00e9e pour un voyage dans le temps avec nos guides.<br \/>Malheureusement pour des raisons historiques, nous ne pouvons pas am\u00e9nager nos souterrains qui sont compos\u00e9s d\u2019\u00e9norm\u00e9ment d\u2019escaliers.<\/p>\n\n\n<figure class=\" wp-block-image size-large is-resized eplus-wrapper\"><img loading=\"lazy\" src=\"https:\/\/chatel-medieval.com\/wp-content\/uploads\/2023\/08\/site-accueille-velo-et-animeaux-1-1-724x1024.png\" alt=\"\" class=\"wp-image-5153\" width=\"790\" height=\"1117\" srcset=\"https:\/\/chatel-medieval.com\/wp-content\/uploads\/2023\/08\/site-accueille-velo-et-animeaux-1-1-724x1024.png 724w, https:\/\/chatel-medieval.com\/wp-content\/uploads\/2023\/08\/site-accueille-velo-et-animeaux-1-1-212x300.png 212w, https:\/\/chatel-medieval.com\/wp-content\/uploads\/2023\/08\/site-accueille-velo-et-animeaux-1-1-768x1086.png 768w, https:\/\/chatel-medieval.com\/wp-content\/uploads\/2023\/08\/site-accueille-velo-et-animeaux-1-1-1086x1536.png 1086w, https:\/\/chatel-medieval.com\/wp-content\/uploads\/2023\/08\/site-accueille-velo-et-animeaux-1-1.png 1414w\" sizes=\"(max-width: 790px) 100vw, 790px\" \/><\/figure>\n\n\n\n<figure class=\" wp-block-gallery columns-2 is-cropped eplus-wrapper\"><ul class=\"blocks-gallery-grid\"><li class=\"blocks-gallery-item\"><figure><a href=\"https:\/\/chatel-medieval.com\/wp-content\/uploads\/2021\/05\/maquette-2-scaled.jpg\"><img src=\"https:\/\/chatel-medieval.com\/wp-content\/uploads\/2021\/05\/maquette-2-1024x647.jpg\" alt=\"\" data-id=\"3534\" data-full-url=\"https:\/\/chatel-medieval.com\/wp-content\/uploads\/2021\/05\/maquette-2-scaled.jpg\" data-link=\"https:\/\/chatel-medieval.com\/maquette-2\/\" class=\"wp-image-3534\"\/><\/a><\/figure><\/li><li class=\"blocks-gallery-item\"><figure><a href=\"https:\/\/chatel-medieval.com\/wp-content\/uploads\/2021\/05\/2009.jpg\"><img loading=\"lazy\" width=\"1024\" height=\"768\" src=\"https:\/\/chatel-medieval.com\/wp-content\/uploads\/2021\/05\/2009-1024x768.jpg\" alt=\"\" data-id=\"3574\" data-full-url=\"https:\/\/chatel-medieval.com\/wp-content\/uploads\/2021\/05\/2009.jpg\" data-link=\"https:\/\/chatel-medieval.com\/olympus-digital-camera\/\" class=\"wp-image-3574\" srcset=\"https:\/\/chatel-medieval.com\/wp-content\/uploads\/2021\/05\/2009-1024x768.jpg 1024w, https:\/\/chatel-medieval.com\/wp-content\/uploads\/2021\/05\/2009-300x225.jpg 300w, https:\/\/chatel-medieval.com\/wp-content\/uploads\/2021\/05\/2009-768x576.jpg 768w, https:\/\/chatel-medieval.com\/wp-content\/uploads\/2021\/05\/2009-1536x1152.jpg 1536w, https:\/\/chatel-medieval.com\/wp-content\/uploads\/2021\/05\/2009-2048x1536.jpg 2048w\" sizes=\"(max-width: 1024px) 100vw, 1024px\" \/><\/a><\/figure><\/li><li class=\"blocks-gallery-item\"><figure><a href=\"https:\/\/chatel-medieval.com\/wp-content\/uploads\/2021\/05\/Tour-cote-Moselle-2020-scaled.jpg\"><img loading=\"lazy\" width=\"1024\" height=\"678\" src=\"https:\/\/chatel-medieval.com\/wp-content\/uploads\/2021\/05\/Tour-cote-Moselle-2020-1024x678.jpg\" alt=\"\" data-id=\"3575\" data-full-url=\"https:\/\/chatel-medieval.com\/wp-content\/uploads\/2021\/05\/Tour-cote-Moselle-2020-scaled.jpg\" data-link=\"https:\/\/chatel-medieval.com\/tour-cote-moselle-2020\/\" class=\"wp-image-3575\" srcset=\"https:\/\/chatel-medieval.com\/wp-content\/uploads\/2021\/05\/Tour-cote-Moselle-2020-1024x678.jpg 1024w, https:\/\/chatel-medieval.com\/wp-content\/uploads\/2021\/05\/Tour-cote-Moselle-2020-300x199.jpg 300w, https:\/\/chatel-medieval.com\/wp-content\/uploads\/2021\/05\/Tour-cote-Moselle-2020-768x509.jpg 768w, https:\/\/chatel-medieval.com\/wp-content\/uploads\/2021\/05\/Tour-cote-Moselle-2020-1536x1017.jpg 1536w, https:\/\/chatel-medieval.com\/wp-content\/uploads\/2021\/05\/Tour-cote-Moselle-2020-2048x1356.jpg 2048w\" sizes=\"(max-width: 1024px) 100vw, 1024px\" \/><\/a><\/figure><\/li><\/ul><\/figure>\n\n\n\n<p class=\" eplus-wrapper\"><\/p>\n","protected":false},"excerpt":{"rendered":"<p>Les personnes \u00e0 mobilit\u00e9 r\u00e9duite pourront visiter les ext\u00e9rieurs, ce qui comprend l\u2019enceinte <a class=\"more-link\" href=\"https:\/\/chatel-medieval.com\/en\/preparer-sa-visite\/accessibilite\/\">Lire la suite<\/a><\/p>\n","protected":false},"author":2,"featured_media":0,"parent":123,"menu_order":5,"comment_status":"closed","ping_status":"closed","template":"","meta":{"inline_featured_image":false,"editor_plus_copied_stylings":"{}"},"translation":{"provider":"WPGlobus","version":"2.12.2","language":"en","enabled_languages":["fr","en"],"languages":{"fr":{"title":true,"content":true,"excerpt":false},"en":{"title":false,"content":false,"excerpt":false}}},"_links":{"self":[{"href":"https:\/\/chatel-medieval.com\/en\/wp-json\/wp\/v2\/pages\/721"}],"collection":[{"href":"https:\/\/chatel-medieval.com\/en\/wp-json\/wp\/v2\/pages"}],"about":[{"href":"https:\/\/chatel-medieval.com\/en\/wp-json\/wp\/v2\/types\/page"}],"author":[{"embeddable":true,"href":"https:\/\/chatel-medieval.com\/en\/wp-json\/wp\/v2\/users\/2"}],"replies":[{"embeddable":true,"href":"https:\/\/chatel-medieval.com\/en\/wp-json\/wp\/v2\/comments?post=721"}],"version-history":[{"count":9,"href":"https:\/\/chatel-medieval.com\/en\/wp-json\/wp\/v2\/pages\/721\/revisions"}],"predecessor-version":[{"id":5154,"href":"https:\/\/chatel-medieval.com\/en\/wp-json\/wp\/v2\/pages\/721\/revisions\/5154"}],"up":[{"embeddable":true,"href":"https:\/\/chatel-medieval.com\/en\/wp-json\/wp\/v2\/pages\/123"}],"wp:attachment":[{"href":"https:\/\/chatel-medieval.com\/en\/wp-json\/wp\/v2\/media?parent=721"}],"curies":[{"name":"wp","href":"https:\/\/api.w.org\/{rel}","templated":true}]}}