{"id":715,"date":"2017-01-26T21:17:06","date_gmt":"2017-01-26T20:17:06","guid":{"rendered":"http:\/\/chatel-medieval.com\/?page_id=715"},"modified":"2021-05-07T09:08:00","modified_gmt":"2021-05-07T07:08:00","slug":"visite-groupe","status":"publish","type":"page","link":"https:\/\/chatel-medieval.com\/en\/preparer-sa-visite\/visite-groupe\/","title":{"rendered":"Visite de groupe"},"content":{"rendered":"<p style=\"text-align: justify;\">Des visites sp\u00e9cifiques peuvent \u00eatre organis\u00e9es \u00e0 la carte pour des groupes constitu\u00e9s. Il convient de prendre rendez-vous \u00e0 l&#8217;avance en envoyant un message mail sur la bo\u00eete r\u00e9servation@vieux-chatel.fr, par t\u00e9l\u00e9phone au 03 29 67 14 18 ou 06 31 15 00 36.<\/p>\n","protected":false},"excerpt":{"rendered":"<p>Des visites sp\u00e9cifiques peuvent \u00eatre organis\u00e9es \u00e0 la carte pour des groupes constitu\u00e9s. <a class=\"more-link\" href=\"https:\/\/chatel-medieval.com\/en\/preparer-sa-visite\/visite-groupe\/\">Lire la suite<\/a><\/p>\n","protected":false},"author":2,"featured_media":0,"parent":123,"menu_order":3,"comment_status":"closed","ping_status":"closed","template":"","meta":{"inline_featured_image":false,"editor_plus_copied_stylings":"{}"},"translation":{"provider":"WPGlobus","version":"2.12.2","language":"en","enabled_languages":["fr","en"],"languages":{"fr":{"title":true,"content":true,"excerpt":false},"en":{"title":false,"content":false,"excerpt":false}}},"_links":{"self":[{"href":"https:\/\/chatel-medieval.com\/en\/wp-json\/wp\/v2\/pages\/715"}],"collection":[{"href":"https:\/\/chatel-medieval.com\/en\/wp-json\/wp\/v2\/pages"}],"about":[{"href":"https:\/\/chatel-medieval.com\/en\/wp-json\/wp\/v2\/types\/page"}],"author":[{"embeddable":true,"href":"https:\/\/chatel-medieval.com\/en\/wp-json\/wp\/v2\/users\/2"}],"replies":[{"embeddable":true,"href":"https:\/\/chatel-medieval.com\/en\/wp-json\/wp\/v2\/comments?post=715"}],"version-history":[{"count":8,"href":"https:\/\/chatel-medieval.com\/en\/wp-json\/wp\/v2\/pages\/715\/revisions"}],"predecessor-version":[{"id":3528,"href":"https:\/\/chatel-medieval.com\/en\/wp-json\/wp\/v2\/pages\/715\/revisions\/3528"}],"up":[{"embeddable":true,"href":"https:\/\/chatel-medieval.com\/en\/wp-json\/wp\/v2\/pages\/123"}],"wp:attachment":[{"href":"https:\/\/chatel-medieval.com\/en\/wp-json\/wp\/v2\/media?parent=715"}],"curies":[{"name":"wp","href":"https:\/\/api.w.org\/{rel}","templated":true}]}}