{"id":712,"date":"2017-01-26T21:15:56","date_gmt":"2017-01-26T20:15:56","guid":{"rendered":"http:\/\/chatel-medieval.com\/?page_id=712"},"modified":"2021-08-27T11:57:34","modified_gmt":"2021-08-27T09:57:34","slug":"visite-libre","status":"publish","type":"page","link":"https:\/\/chatel-medieval.com\/en\/preparer-sa-visite\/visite-libre\/","title":{"rendered":"Visite individuelle"},"content":{"rendered":"\n<figure class=\"wp-block-image size-large  eplus-C3CnXa\"><img src=\"https:\/\/chatel-medieval.com\/wp-content\/uploads\/2021\/05\/maquette-2-1024x647.jpg\" alt=\"\" class=\"wp-image-3534\"\/><\/figure>\n\n\n<h3 style=\"text-align: justify;\">Visite<\/h3>\n<p style=\"text-align: justify;\">La visite d\u00e9bute autour de la maquette du ch\u00e2teau situ\u00e9e dans le b\u00e2timent d\u2019accueil. Cette maquette didactique pr\u00e9sente les diff\u00e9rentes \u00e9tapes de construction qui s\u2019\u00e9tagent du XI\u00e8me au XVI\u00e8me si\u00e8cle. Il faut noter l&#8217;aspect \u00e9volutif de la construction, car le site est tr\u00e8s repr\u00e9sentatif de la quasi-totalit\u00e9 des innovations techniques de la poliorc\u00e9tique durant le Moyen Age et il appara\u00eet comme un livre ouvert sur l&#8217;histoire de la fortification. La visite se poursuivra par une d\u00e9couverte sur le terrain, o\u00f9 muni d\u2019un plan en couleur permettant de vous situer, vous serez conduits par un guide, vous d\u00e9couvrirez le pont-levis et le ch\u00e2telet d\u2019entr\u00e9e avec ses b\u00e2tons \u00e0 feu mis en batterie, puis la tour de flanquement du XIII\u00e8me si\u00e8cle avec le mur bouclier, le b\u00e2timent des gardes, le donjon et l\u2019emplacement du logis seigneurial.<\/p>\n<p>Le guide vous conduira alors dans les souterrains avec successivement les celliers Neufch\u00e2tel, la boulangerie, la galerie des sources, la salle inondable et l\u2019assommoir, la chemise d\u2019artillerie, le pont levis int\u00e9rieur, la salle des gardes et la galerie des archers. Vous ressortirez pour gagner l\u2019arsenal puis l\u2019emplacement du moulin \u00e0 cheval et la muraille nord face au grand foss\u00e9. Vous pourrez descendre dans la salle d\u2019artillerie d\u2019une tour du XV\u00e8me si\u00e8cle, vous longerez la grosse tour et sa prison et vous regagnerez enfin le b\u00e2timent d\u2019accueil par le chemin du b\u00e9tail. Les plus intr\u00e9pides pourront poursuivre vers l&#8217;h\u00f4tel Werdenberg avec sa cuisine et son \u00e9vier, le jardin m\u00e9di\u00e9val, la tour de la Campagne, le lieu de d\u00e9chargement des chariots, et enfin les restes du palan \u00e9l\u00e9vateur.<\/p>\n\n\n<figure class=\"wp-block-image size-large  eplus-I49hNR\"><img src=\"https:\/\/chatel-medieval.com\/wp-content\/uploads\/2021\/05\/IVR41_20118810599NUC2A_1-1024x683.jpg\" alt=\"\" class=\"wp-image-3545\"\/><\/figure>\n\n\n<p style=\"text-align: justify;\">En revenant dans la salle des maquettes vous pourrez visualiser votre trajet et vous reconna\u00eetrez les diff\u00e9rents lieux qui ont marqu\u00e9 votre passage dans cet enchev\u00eatrement de constructions de diff\u00e9rentes \u00e9poques. Vous poursuivrez dans la boutique o\u00f9 vous pourrez, en plus des souvenirs et des jouets pour les enfants, acheter cartes postales, livres et\u00a0 brochures explicatives ainsi que le DVD qui retrace en images l\u2019histoire du ch\u00e2teau. La visite demande un peu plus d&#8217;une heure, mais elle peut, \u00e0 la demande, \u00eatre raccourcie et limit\u00e9e \u00e0 la seule &#8211; et spectaculaire &#8211; d\u00e9couverte des trois \u00e9tages de galeries souterraines. Pour \u00e9viter que les visiteurs ne s\u2019\u00e9garent, la visite doit imp\u00e9rativement \u00eatre men\u00e9e par un guide sp\u00e9cialis\u00e9, la visite libre n\u2019\u00e9tant possible actuellement que pour les ext\u00e9rieurs. Il est pr\u00e9f\u00e9rable de venir muni de bonnes chaussures.<\/p>\n<p style=\"text-align: justify;\">Les enfants sont les bienvenus sur le site de la forteresse. Ils peuvent venir accompagn\u00e9s de leurs parents lors de visites traditionnelles.<\/p>\n<p style=\"text-align: justify;\">Ils peuvent \u00e9galement venir lors des sorties scolaires qui comprennent une visite du site par un guide sp\u00e9cialis\u00e9 dans l&#8217;approche p\u00e9dagogique ainsi que des ateliers de d\u00e9couverte de la poterie, vannerie, enluminure ou calligraphie. Les enfants repartiront enchant\u00e9s par cette journ\u00e9e pass\u00e9e dans l&#8217;esprit du Moyen-Age.<\/p>\n<p style=\"text-align: justify;\">Nous pouvons \u00e9galement organiser sur demande des anniversaires pour les enfants, comprenant une visite, un atelier et un go\u00fbter.<\/p>\n<p><a href=\"http:\/\/chatel-medieval.com\/preparer-sa-visite\/visite-groupe\/\">Voir toutes nos visites th\u00e9matiques<\/a><\/p>","protected":false},"excerpt":{"rendered":"<p>Visite La visite d\u00e9bute autour de la maquette du ch\u00e2teau situ\u00e9e dans le <a class=\"more-link\" href=\"https:\/\/chatel-medieval.com\/en\/preparer-sa-visite\/visite-libre\/\">Lire la suite<\/a><\/p>\n","protected":false},"author":2,"featured_media":0,"parent":123,"menu_order":2,"comment_status":"closed","ping_status":"closed","template":"","meta":{"inline_featured_image":false,"editor_plus_copied_stylings":"{}"},"translation":{"provider":"WPGlobus","version":"2.12.2","language":"en","enabled_languages":["fr","en"],"languages":{"fr":{"title":true,"content":true,"excerpt":false},"en":{"title":false,"content":false,"excerpt":false}}},"_links":{"self":[{"href":"https:\/\/chatel-medieval.com\/en\/wp-json\/wp\/v2\/pages\/712"}],"collection":[{"href":"https:\/\/chatel-medieval.com\/en\/wp-json\/wp\/v2\/pages"}],"about":[{"href":"https:\/\/chatel-medieval.com\/en\/wp-json\/wp\/v2\/types\/page"}],"author":[{"embeddable":true,"href":"https:\/\/chatel-medieval.com\/en\/wp-json\/wp\/v2\/users\/2"}],"replies":[{"embeddable":true,"href":"https:\/\/chatel-medieval.com\/en\/wp-json\/wp\/v2\/comments?post=712"}],"version-history":[{"count":14,"href":"https:\/\/chatel-medieval.com\/en\/wp-json\/wp\/v2\/pages\/712\/revisions"}],"predecessor-version":[{"id":4210,"href":"https:\/\/chatel-medieval.com\/en\/wp-json\/wp\/v2\/pages\/712\/revisions\/4210"}],"up":[{"embeddable":true,"href":"https:\/\/chatel-medieval.com\/en\/wp-json\/wp\/v2\/pages\/123"}],"wp:attachment":[{"href":"https:\/\/chatel-medieval.com\/en\/wp-json\/wp\/v2\/media?parent=712"}],"curies":[{"name":"wp","href":"https:\/\/api.w.org\/{rel}","templated":true}]}}