{"id":700,"date":"2017-01-26T20:41:08","date_gmt":"2017-01-26T19:41:08","guid":{"rendered":"http:\/\/chatel-medieval.com\/?page_id=700"},"modified":"2018-02-17T17:33:06","modified_gmt":"2018-02-17T16:33:06","slug":"ateliers","status":"publish","type":"page","link":"https:\/\/chatel-medieval.com\/en\/ateliers\/","title":{"rendered":"Ateliers"},"content":{"rendered":"<p>Des ateliers sont organis\u00e9s sur la forteresse autour des m\u00e9tiers du patrimoine ( taille de pierre, vitrail, forge, enluminure) et des m\u00e9tiers de l&#8217;artisanat (poterie, vannerie, cuir, h\u00e9raldique).<\/p>\n<p>Des sessions sp\u00e9cifiques sont organis\u00e9es pour les adultes et pour les enfants.<\/p>\n<p>&nbsp;<\/p>\n<p><a href=\"http:\/\/chatel-medieval.com\/events\/category\/atelier\/\">Agenda des prochains ateliers.<\/a><\/p>\n<p><a href=\"http:\/\/chatel-medieval.com\/infos-pratiques\/#contacts\">Pour toute information compl\u00e9mentaire, merci de nous contacter.<\/a><\/p>\n","protected":false},"excerpt":{"rendered":"<p>Des ateliers sont organis\u00e9s sur la forteresse autour des m\u00e9tiers du patrimoine ( <a class=\"more-link\" href=\"https:\/\/chatel-medieval.com\/en\/ateliers\/\">Lire la suite<\/a><\/p>\n","protected":false},"author":2,"featured_media":0,"parent":0,"menu_order":4,"comment_status":"closed","ping_status":"closed","template":"","meta":{"inline_featured_image":false,"editor_plus_copied_stylings":"{}"},"translation":{"provider":"WPGlobus","version":"2.12.2","language":"en","enabled_languages":["fr","en"],"languages":{"fr":{"title":true,"content":true,"excerpt":false},"en":{"title":false,"content":false,"excerpt":false}}},"_links":{"self":[{"href":"https:\/\/chatel-medieval.com\/en\/wp-json\/wp\/v2\/pages\/700"}],"collection":[{"href":"https:\/\/chatel-medieval.com\/en\/wp-json\/wp\/v2\/pages"}],"about":[{"href":"https:\/\/chatel-medieval.com\/en\/wp-json\/wp\/v2\/types\/page"}],"author":[{"embeddable":true,"href":"https:\/\/chatel-medieval.com\/en\/wp-json\/wp\/v2\/users\/2"}],"replies":[{"embeddable":true,"href":"https:\/\/chatel-medieval.com\/en\/wp-json\/wp\/v2\/comments?post=700"}],"version-history":[{"count":11,"href":"https:\/\/chatel-medieval.com\/en\/wp-json\/wp\/v2\/pages\/700\/revisions"}],"predecessor-version":[{"id":3039,"href":"https:\/\/chatel-medieval.com\/en\/wp-json\/wp\/v2\/pages\/700\/revisions\/3039"}],"wp:attachment":[{"href":"https:\/\/chatel-medieval.com\/en\/wp-json\/wp\/v2\/media?parent=700"}],"curies":[{"name":"wp","href":"https:\/\/api.w.org\/{rel}","templated":true}]}}