{"id":697,"date":"2017-01-26T20:40:29","date_gmt":"2017-01-26T19:40:29","guid":{"rendered":"http:\/\/chatel-medieval.com\/?page_id=697"},"modified":"2018-02-17T17:21:24","modified_gmt":"2018-02-17T16:21:24","slug":"sejours","status":"publish","type":"page","link":"https:\/\/chatel-medieval.com\/en\/sejours\/","title":{"rendered":"S\u00e9jours"},"content":{"rendered":"<p>Des\u00a0s\u00e9jours \u00e0 la carte\u00a0peuvent \u00eatre organis\u00e9s pour des groupes constitu\u00e9s d&#8217;enfant, d&#8217;adolescents et d&#8217;adultes avec des animations sp\u00e9cifiques.<\/p>\n<p>Il est \u00e9galement possible de\u00a0participer individuellement aux travaux et aux activit\u00e9s propos\u00e9es sur la Forteresse\u00a0avec une restauration \u00e0 la carte, incluse ou non.<\/p>\n<p>L &#8216;h\u00e9bergement est organis\u00e9 dans de petits dortoirs de 4 personnes avec un maximum de 30 lits.<\/p>\n<p>&nbsp;<\/p>\n<p><a href=\"http:\/\/chatel-medieval.com\/events\/category\/sejour\/\">Agenda des prochains s\u00e9jours<\/a><\/p>\n<p><a href=\"http:\/\/chatel-medieval.com\/infos-pratiques\/#contacts\">Pour toute information compl\u00e9mentaire, merci de nous contacter.<\/a><\/p>\n","protected":false},"excerpt":{"rendered":"<p>Des\u00a0s\u00e9jours \u00e0 la carte\u00a0peuvent \u00eatre organis\u00e9s pour des groupes constitu\u00e9s d&#8217;enfant, d&#8217;adolescents et <a class=\"more-link\" href=\"https:\/\/chatel-medieval.com\/en\/sejours\/\">Lire la suite<\/a><\/p>\n","protected":false},"author":2,"featured_media":0,"parent":0,"menu_order":3,"comment_status":"closed","ping_status":"closed","template":"","meta":{"inline_featured_image":false,"editor_plus_copied_stylings":"{}"},"translation":{"provider":"WPGlobus","version":"2.12.2","language":"en","enabled_languages":["fr","en"],"languages":{"fr":{"title":true,"content":true,"excerpt":false},"en":{"title":false,"content":false,"excerpt":false}}},"_links":{"self":[{"href":"https:\/\/chatel-medieval.com\/en\/wp-json\/wp\/v2\/pages\/697"}],"collection":[{"href":"https:\/\/chatel-medieval.com\/en\/wp-json\/wp\/v2\/pages"}],"about":[{"href":"https:\/\/chatel-medieval.com\/en\/wp-json\/wp\/v2\/types\/page"}],"author":[{"embeddable":true,"href":"https:\/\/chatel-medieval.com\/en\/wp-json\/wp\/v2\/users\/2"}],"replies":[{"embeddable":true,"href":"https:\/\/chatel-medieval.com\/en\/wp-json\/wp\/v2\/comments?post=697"}],"version-history":[{"count":14,"href":"https:\/\/chatel-medieval.com\/en\/wp-json\/wp\/v2\/pages\/697\/revisions"}],"predecessor-version":[{"id":2327,"href":"https:\/\/chatel-medieval.com\/en\/wp-json\/wp\/v2\/pages\/697\/revisions\/2327"}],"wp:attachment":[{"href":"https:\/\/chatel-medieval.com\/en\/wp-json\/wp\/v2\/media?parent=697"}],"curies":[{"name":"wp","href":"https:\/\/api.w.org\/{rel}","templated":true}]}}