{"id":694,"date":"2017-01-26T20:31:55","date_gmt":"2017-01-26T19:31:55","guid":{"rendered":"http:\/\/chatel-medieval.com\/?page_id=694"},"modified":"2022-01-14T13:39:31","modified_gmt":"2022-01-14T12:39:31","slug":"chantiers","status":"publish","type":"page","link":"https:\/\/chatel-medieval.com\/en\/chantiers\/","title":{"rendered":"Chantiers"},"content":{"rendered":"<p style=\"text-align: justify;\">Sous la direction d\u2019un professionnel, vous pourrez vous initier ou vous perfectionner \u00e0 la taille de pierre, \u00e0 la ma\u00e7onnerie et au jointoiement dans le respect de la pr\u00e9servation d\u2019un monument historique class\u00e9. L&#8217;\u00e9change culturel suscit\u00e9 par la vocation internationale du chantier, les diff\u00e9rents ateliers et les activit\u00e9s organis\u00e9es dans la r\u00e9gion sont un compl\u00e9ment id\u00e9al au travail de groupe.<\/p>\n<p style=\"text-align: justify;\"><img loading=\"lazy\" class=\"aligncenter wp-image-2245 size-large\" src=\"http:\/\/chatel-medieval.com\/wp-content\/uploads\/2018\/02\/7-1-1024x768.jpg\" alt=\"\" width=\"780\" height=\"585\" srcset=\"https:\/\/chatel-medieval.com\/wp-content\/uploads\/2018\/02\/7-1-1024x768.jpg 1024w, https:\/\/chatel-medieval.com\/wp-content\/uploads\/2018\/02\/7-1-300x225.jpg 300w, https:\/\/chatel-medieval.com\/wp-content\/uploads\/2018\/02\/7-1-768x576.jpg 768w\" sizes=\"(max-width: 780px) 100vw, 780px\" \/><\/p>\n<p style=\"text-align: justify;\">L&#8217;association du Vieux Ch\u00e2tel, charg\u00e9e de l&#8217;organisation des chantiers, vise les objectifs suivants:<br \/>&#8211; Le respect du programme d\u2019entretien valid\u00e9 par l\u2019Architecte des B\u00e2timents de France. Pour ce faire, il est pr\u00e9vu une dur\u00e9e de travail hebdomadaire de 34 h<span class=\"text_exposed_show\">eures sur 5 jours. Encadr\u00e9s par une \u00e9quipe d&#8217;animation et un professionnel exp\u00e9riment\u00e9 et p\u00e9dagogue, vous apprendrez les bases de la taille de pierre, de la ma\u00e7onnerie traditionnelle au mortier de chaux, et des r\u00e8gles de restauration d&#8217;un monument historique.<br \/>&#8211; Le d\u00e9veloppement des contacts interculturels gr\u00e2ce aux nombreuses nationalit\u00e9 pr\u00e9sentes.<br \/>&#8211; La vie de groupe dans un respect mutuel.<br \/>&#8211; La possibilit\u00e9 de se d\u00e9tendre et d\u2019apprendre au travers d\u2019activit\u00e9s d\u2019artisanat et de visites culturelles.<\/span><\/p>\n<p style=\"text-align: justify;\"><img loading=\"lazy\" class=\"aligncenter wp-image-2243 size-large\" src=\"http:\/\/chatel-medieval.com\/wp-content\/uploads\/2018\/02\/1-1024x768.jpg\" alt=\"\" width=\"780\" height=\"585\" srcset=\"https:\/\/chatel-medieval.com\/wp-content\/uploads\/2018\/02\/1-1024x768.jpg 1024w, https:\/\/chatel-medieval.com\/wp-content\/uploads\/2018\/02\/1-300x225.jpg 300w, https:\/\/chatel-medieval.com\/wp-content\/uploads\/2018\/02\/1-768x576.jpg 768w\" sizes=\"(max-width: 780px) 100vw, 780px\" \/><\/p>\n<p style=\"text-align: justify;\">Vous serez log\u00e9s dans une maison \u00e9quip\u00e9e de chambres de 2 \u00e0 4 lits. Les plats seront pr\u00e9par\u00e9s avec votre aide par une cuisini\u00e8re de longue exp\u00e9rience (vous pourrez ainsi faire d\u00e9couvrir aux autres vos sp\u00e9cialit\u00e9s culinaires). Vous participerez \u00e9galement au maintien de la propret\u00e9 des locaux.<\/p>\n<p style=\"text-align: justify;\">Une visite culturelle est pr\u00e9vu durant une journ\u00e9e compl\u00e8te (le circuit de visite pouvant \u00eatre modul\u00e9 en fonction de la volont\u00e9 du groupe) et des petites sorties annexes seront organis\u00e9es.<\/p>\n<p style=\"text-align: justify;\"><img loading=\"lazy\" class=\"aligncenter wp-image-2244 size-large\" src=\"http:\/\/chatel-medieval.com\/wp-content\/uploads\/2018\/02\/10-2-1024x768.jpg\" alt=\"\" width=\"780\" height=\"585\" srcset=\"https:\/\/chatel-medieval.com\/wp-content\/uploads\/2018\/02\/10-2-1024x768.jpg 1024w, https:\/\/chatel-medieval.com\/wp-content\/uploads\/2018\/02\/10-2-300x225.jpg 300w, https:\/\/chatel-medieval.com\/wp-content\/uploads\/2018\/02\/10-2-768x576.jpg 768w\" sizes=\"(max-width: 780px) 100vw, 780px\" \/><\/p>\n<p style=\"text-align: justify;\">Durant les temps libres vous pourrez participer \u00e0 des ateliers, \u00e0 des soir\u00e9es musicales ou \u00e0 d&#8217;autres animations.<\/p>\n<p style=\"text-align: justify;\">Voici le planning d\u2019une journ\u00e9e-type :<br \/>07h00 &#8211; 08h15 : Petit d\u00e9jeuner<br \/>08h30 &#8211; 10h00 : Chantier<br \/>10h30 &#8211; 10h45 : Pause<br \/>10h45 &#8211; 12h30 : Chantier<br \/>12h30 &#8211; 13h30 : Repas<br \/>13h30 &#8211; 14h30 : Temps libre &#8211; Activit\u00e9<br \/>14h30 &#8211; 17h00 : Chantier<br \/>17h00 &#8211; 19h30 : Temps libre &#8211; Activit\u00e9<br \/>19h30 &#8211; 20h30: Repas<br \/>20h30 &#8211; 23h00: Temps libre &#8211; Activit\u00e9<\/p>\n<p style=\"text-align: justify;\"><img loading=\"lazy\" class=\"wp-image-2247 size-large aligncenter\" src=\"http:\/\/chatel-medieval.com\/wp-content\/uploads\/2018\/02\/1-1-1024x680.jpg\" alt=\"\" width=\"780\" height=\"518\" srcset=\"https:\/\/chatel-medieval.com\/wp-content\/uploads\/2018\/02\/1-1-1024x680.jpg 1024w, https:\/\/chatel-medieval.com\/wp-content\/uploads\/2018\/02\/1-1-300x199.jpg 300w, https:\/\/chatel-medieval.com\/wp-content\/uploads\/2018\/02\/1-1-768x510.jpg 768w\" sizes=\"(max-width: 780px) 100vw, 780px\" \/><\/p>\n<p style=\"text-align: justify;\">\u00a0<\/p>\n<p style=\"text-align: justify;\"><a href=\"http:\/\/chatel-medieval.com\/events\/category\/chantier\/\">Agenda des prochains chantiers<\/a><\/p>\n<p style=\"text-align: justify;\"><a href=\"http:\/\/chatel-medieval.com\/infos-pratiques\/#contacts\">Pour toute information compl\u00e9mentaire, merci de nous contacter.<\/a><\/p>\n\n\n<p class=\" eplus-wrapper\"><\/p>\n","protected":false},"excerpt":{"rendered":"<p>Sous la direction d\u2019un professionnel, vous pourrez vous initier ou vous perfectionner \u00e0 <a class=\"more-link\" href=\"https:\/\/chatel-medieval.com\/en\/chantiers\/\">Lire la suite<\/a><\/p>\n","protected":false},"author":2,"featured_media":0,"parent":0,"menu_order":2,"comment_status":"closed","ping_status":"closed","template":"","meta":{"inline_featured_image":false,"editor_plus_copied_stylings":"{}"},"translation":{"provider":"WPGlobus","version":"2.12.2","language":"en","enabled_languages":["fr","en"],"languages":{"fr":{"title":true,"content":true,"excerpt":false},"en":{"title":false,"content":false,"excerpt":false}}},"_links":{"self":[{"href":"https:\/\/chatel-medieval.com\/en\/wp-json\/wp\/v2\/pages\/694"}],"collection":[{"href":"https:\/\/chatel-medieval.com\/en\/wp-json\/wp\/v2\/pages"}],"about":[{"href":"https:\/\/chatel-medieval.com\/en\/wp-json\/wp\/v2\/types\/page"}],"author":[{"embeddable":true,"href":"https:\/\/chatel-medieval.com\/en\/wp-json\/wp\/v2\/users\/2"}],"replies":[{"embeddable":true,"href":"https:\/\/chatel-medieval.com\/en\/wp-json\/wp\/v2\/comments?post=694"}],"version-history":[{"count":27,"href":"https:\/\/chatel-medieval.com\/en\/wp-json\/wp\/v2\/pages\/694\/revisions"}],"predecessor-version":[{"id":4529,"href":"https:\/\/chatel-medieval.com\/en\/wp-json\/wp\/v2\/pages\/694\/revisions\/4529"}],"wp:attachment":[{"href":"https:\/\/chatel-medieval.com\/en\/wp-json\/wp\/v2\/media?parent=694"}],"curies":[{"name":"wp","href":"https:\/\/api.w.org\/{rel}","templated":true}]}}