{"id":690,"date":"2017-01-26T20:29:49","date_gmt":"2017-01-26T19:29:49","guid":{"rendered":"http:\/\/chatel-medieval.com\/?page_id=690"},"modified":"2021-08-04T17:01:11","modified_gmt":"2021-08-04T15:01:11","slug":"stages","status":"publish","type":"page","link":"https:\/\/chatel-medieval.com\/en\/stages\/","title":{"rendered":"Technical Training"},"content":{"rendered":"<p style=\"text-align: justify;\">Des stages de formations de d\u00e9couverte des m\u00e9tiers du patrimoine sont propos\u00e9s tous les ans sur le site:<\/p>\n<ul style=\"text-align: justify;\">\n<li><strong>Animateur de chantier<\/strong><\/li>\n<\/ul>\n<p style=\"text-align: justify;\"><img loading=\"lazy\" class=\" wp-image-327 aligncenter\" src=\"http:\/\/chatel-medieval.com\/wp-content\/uploads\/2017\/01\/Chatel-chantier-3-1-300x199.jpg\" alt=\"Ch\u00e2teau chatel sur moselle\" width=\"568\" height=\"377\" srcset=\"https:\/\/chatel-medieval.com\/wp-content\/uploads\/2017\/01\/Chatel-chantier-3-1-300x199.jpg 300w, https:\/\/chatel-medieval.com\/wp-content\/uploads\/2017\/01\/Chatel-chantier-3-1-768x510.jpg 768w, https:\/\/chatel-medieval.com\/wp-content\/uploads\/2017\/01\/Chatel-chantier-3-1-1024x680.jpg 1024w, https:\/\/chatel-medieval.com\/wp-content\/uploads\/2017\/01\/Chatel-chantier-3-1.jpg 1029w\" sizes=\"(max-width: 568px) 100vw, 568px\" \/><\/p>\n<p style=\"text-align: justify;\">Vous serez initi\u00e9s aux techniques de restauration du patrimoine tant d\u2019un point de vue technique que pratique. Vous aurez la possibilit\u00e9 d\u2019aborder, aux cot\u00e9s de professionnels, notamment l\u2019architecte en chef des MH : les questions relatives \u00e0 la l\u00e9gislation du patrimoine, la d\u00e9ontologie de la restauration et les acteurs du patrimoine, les principes de la construction en pierre, les principes d\u2019\u00e9taiements et les conditions de s\u00e9curit\u00e9.<\/p>\n<p style=\"text-align: justify;\">Aid\u00e9s par un professionnel, vous serez initi\u00e9s \u00e0 la taille de pierre et aux techniques de restaurations. Ce stage alternera entre cours th\u00e9oriques et pratiques en mati\u00e8re de st\u00e9r\u00e9otomie, taille de pierre, ma\u00e7onnerie traditionnelle \u00e0 la chaux et les liants.<\/p>\n<ul style=\"text-align: justify;\">\n<li><strong>Taille de pierre<\/strong><\/li>\n<\/ul>\n<p style=\"text-align: justify;\"><img loading=\"lazy\" class=\"alignnone  wp-image-2151\" src=\"http:\/\/chatel-medieval.com\/wp-content\/uploads\/2018\/02\/tdep-300x225.jpg\" alt=\"\" width=\"651\" height=\"488\" srcset=\"https:\/\/chatel-medieval.com\/wp-content\/uploads\/2018\/02\/tdep-300x225.jpg 300w, https:\/\/chatel-medieval.com\/wp-content\/uploads\/2018\/02\/tdep-768x576.jpg 768w, https:\/\/chatel-medieval.com\/wp-content\/uploads\/2018\/02\/tdep-1024x768.jpg 1024w\" sizes=\"(max-width: 651px) 100vw, 651px\" \/><\/p>\n<p style=\"text-align: justify;\">Cette formation vous permettra de vous initier ou d\u2019approfondir vos connaissances techniques de taille de pierre.<\/p>\n<p style=\"text-align: justify;\">Vous aborderez les techniques des trac\u00e9s et l\u2019\u00e9tude des moulures et des aspects de taille.<\/p>\n<ul style=\"text-align: justify;\">\n<li><strong>Forge<\/strong><\/li>\n<\/ul>\n<p style=\"text-align: justify;\"><img loading=\"lazy\" class=\"alignnone  wp-image-2140\" src=\"http:\/\/chatel-medieval.com\/wp-content\/uploads\/2018\/02\/Forge-1-300x225.jpg\" alt=\"\" width=\"585\" height=\"439\"><\/p>\n<p style=\"text-align: justify;\">La formation dispens\u00e9e est essentiellement pratique et se d\u00e9roule sous forme de chantier \u00e9cole.<\/p>\n<p style=\"text-align: justify;\">Plusieurs sessions th\u00e9oriques viennent rythmer la formation : les mat\u00e9riaux, le mat\u00e9riel du forgeron, et les techniques d\u2019extraction et de fonte.<\/p>\n<p style=\"text-align: justify;\">Les techniques abord\u00e9es durant le stage sont vari\u00e9es de mani\u00e8re \u00e0 appr\u00e9hender plusieurs \u00e9tapes de fabrication d\u2019un objet en fer forg\u00e9.<br \/>\nAinsi vous apprendrez les techniques suivantes :<br \/>\nle planage, le cintrage, le refoulage, la coupe \u00e0 chaud avec un tranchet, le rivetage et le per\u00e7age \u00e0 chaud.<\/p>\n<p style=\"text-align: justify;\">Des visites organis\u00e9es viendront agr\u00e9menter ce stage.<\/p>\n<p style=\"text-align: justify;\"><a href=\"http:\/\/chatel-medieval.com\/events\/category\/stage\/\">Agenda des prochains stages&nbsp;<\/a><\/p>\n<p style=\"text-align: justify;\"><a href=\"http:\/\/chatel-medieval.com\/infos-pratiques\/#contacts\">Pour toute information compl\u00e9mentaire, merci de nous contacter.<\/a><\/p>\n","protected":false},"excerpt":{"rendered":"<p>Des stages de formations de d\u00e9couverte des m\u00e9tiers du patrimoine sont propos\u00e9s tous <a class=\"more-link\" href=\"https:\/\/chatel-medieval.com\/en\/stages\/\">Lire la suite<\/a><\/p>\n","protected":false},"author":2,"featured_media":0,"parent":0,"menu_order":1,"comment_status":"closed","ping_status":"closed","template":"","meta":{"inline_featured_image":false,"editor_plus_copied_stylings":"{}"},"translation":{"provider":"WPGlobus","version":"2.12.2","language":"en","enabled_languages":["fr","en"],"languages":{"fr":{"title":true,"content":true,"excerpt":false},"en":{"title":true,"content":false,"excerpt":false}}},"_links":{"self":[{"href":"https:\/\/chatel-medieval.com\/en\/wp-json\/wp\/v2\/pages\/690"}],"collection":[{"href":"https:\/\/chatel-medieval.com\/en\/wp-json\/wp\/v2\/pages"}],"about":[{"href":"https:\/\/chatel-medieval.com\/en\/wp-json\/wp\/v2\/types\/page"}],"author":[{"embeddable":true,"href":"https:\/\/chatel-medieval.com\/en\/wp-json\/wp\/v2\/users\/2"}],"replies":[{"embeddable":true,"href":"https:\/\/chatel-medieval.com\/en\/wp-json\/wp\/v2\/comments?post=690"}],"version-history":[{"count":19,"href":"https:\/\/chatel-medieval.com\/en\/wp-json\/wp\/v2\/pages\/690\/revisions"}],"predecessor-version":[{"id":5545,"href":"https:\/\/chatel-medieval.com\/en\/wp-json\/wp\/v2\/pages\/690\/revisions\/5545"}],"wp:attachment":[{"href":"https:\/\/chatel-medieval.com\/en\/wp-json\/wp\/v2\/media?parent=690"}],"curies":[{"name":"wp","href":"https:\/\/api.w.org\/{rel}","templated":true}]}}