{"id":687,"date":"2017-01-26T20:26:44","date_gmt":"2017-01-26T19:26:44","guid":{"rendered":"http:\/\/chatel-medieval.com\/?page_id=687"},"modified":"2021-05-18T11:32:06","modified_gmt":"2021-05-18T09:32:06","slug":"les-neufchatel","status":"publish","type":"page","link":"https:\/\/chatel-medieval.com\/en\/laventure\/la-chronologie\/les-neufchatel\/","title":{"rendered":"Les Neufch\u00e2tel"},"content":{"rendered":"<p><img loading=\"lazy\" class=\"size-medium wp-image-1483 aligncenter\" src=\"http:\/\/chatel-medieval.com\/wp-content\/uploads\/2017\/02\/Thibaut-de-Neufchatel-223x300.jpg\" alt=\"Thibaut de Neufchatel\" width=\"223\" height=\"300\" srcset=\"https:\/\/chatel-medieval.com\/wp-content\/uploads\/2017\/02\/Thibaut-de-Neufchatel-223x300.jpg 223w, https:\/\/chatel-medieval.com\/wp-content\/uploads\/2017\/02\/Thibaut-de-Neufchatel.jpg 600w\" sizes=\"(max-width: 223px) 100vw, 223px\" \/><\/p>\n<p style=\"text-align: justify;\">Originaires du Nord de la Bourgogne, les Neufch\u00e2tel m\u00e8nent depuis le XII\u00e8me si\u00e8cle une habile politique d&#8217;expansion \u00e9conomique et matrimoniale. Thi\u00e9baut VIII et son fils Thi\u00e9baut IX vont conna\u00eetre des carri\u00e8res exceptionnelles aupr\u00e8s du Duc de Bourgogne. Leurs relations avec la Lorraine sont bonnes, mais elles vont se d\u00e9t\u00e9riorer \u00e0 la mort du Duc Charles II en 1431 avec l&#8217;arriv\u00e9e de Ren\u00e9 d&#8217;Anjou qui pr\u00e9tend \u00e0 la succession, soutenu par le roi de France alors que le Duc de Bourgogne soutient Antoine de Vaud\u00e9mont. Le 2 juillet 1431, Ren\u00e9 d&#8217;Anjou est battu s\u00e9v\u00e8rement \u00e0 la bataille de Bulgn\u00e9ville et fait prisonnier. L&#8217;arbitre de la paix sera Thi\u00e9baut VIII de Neufch\u00e2tel, Grand Ma\u00eetre de France et Lieutenant G\u00e9n\u00e9ral dans les Deux Bourgogne, qui s&#8217;\u00e9tait abstenu de participer \u00e0 la querelle.<\/p>\n<p style=\"text-align: justify;\"><img loading=\"lazy\" class=\"size-medium wp-image-3608 aligncenter\" src=\"https:\/\/chatel-medieval.com\/wp-content\/uploads\/2021\/05\/Thiebaut-IX-de-Neufchatel1-203x300.jpg\" alt=\"\" width=\"203\" height=\"300\" srcset=\"https:\/\/chatel-medieval.com\/wp-content\/uploads\/2021\/05\/Thiebaut-IX-de-Neufchatel1-203x300.jpg 203w, https:\/\/chatel-medieval.com\/wp-content\/uploads\/2021\/05\/Thiebaut-IX-de-Neufchatel1.jpg 396w\" sizes=\"(max-width: 203px) 100vw, 203px\" \/><\/p>\n<p style=\"text-align: justify;\">Son fils Thi\u00e9baut IX conna\u00eet une ascension rapide et devient Mar\u00e9chal de Bourgogne \u00e0 26 ans. Redoutable chef de guerre mais aussi habile diplomate, il est associ\u00e9 aux grands \u00e9v\u00e9nements de son \u00e9poque. Il accueille \u00e0 Ch\u00e2tel le dauphin, futur Louis XI, en conflit avec son p\u00e8re Charles VII. Il est pr\u00e9sent \u00e0 P\u00e9ronne lors de l&#8217;entrevue entre Charles Le T\u00e9m\u00e9raire et Louis XI. La duplicit\u00e9 de ce dernier envenime les relations avec la Lorraine quand Louis XI donne Epinal \u00e0 Thi\u00e9baut IX en 1463 alors que les Spinaliens jouissent de la lointaine suzerainet\u00e9 fran\u00e7aise et pr\u00e9f\u00e8rent la candidature du Duc de Lorraine. S&#8217;en suivra une longue guerre qui ne s&#8217;ach\u00e8vera qu&#8217;en 1472 par un trait\u00e9 assez avantageux en \u00e9change du renoncement \u00e0 Epinal, Thi\u00e9baut IX lui-m\u00eame \u00e9tant mort en 1469.<\/p>\n<p style=\"text-align: justify;\">Le fils a\u00een\u00e9 de Thi\u00e9baut IX, Thi\u00e9baut X, ayant disparu \u00e0 25 ans, c&#8217;est Henri et Claude qui vont s&#8217;illustrer aupr\u00e8s du Duc de Bourgogne. Henri devient g\u00e9n\u00e9ral de l&#8217;arm\u00e9e de Bourgogne tandis que Claude devient Gouverneur du Luxembourg puis Gouverneur des pays de Bourgogne. C&#8217;est lui qui conduit Marie de Bourgogne \u00e0 la rencontre de son futur \u00e9poux, l&#8217;empereur Maximilien d&#8217;Autriche.<\/p>\n<p style=\"text-align: justify;\">Aucun des enfants de Thi\u00e9baut IX n&#8217;ayant eu de descendance masculine, la seigneurie de Ch\u00e2tel revient \u00e0 Elisabeth, \u00e9pouse de F\u00e9lix, comte de Werdenberg. Par la suite, \u00e0 l&#8217;issue d&#8217;un long proc\u00e8s de succession, l&#8217;habile Duc Antoine de Lorraine mettra la main sur Ch\u00e2tel en 1544.<\/p>\n","protected":false},"excerpt":{"rendered":"<p>Originaires du Nord de la Bourgogne, les Neufch\u00e2tel m\u00e8nent depuis le XII\u00e8me si\u00e8cle <a class=\"more-link\" href=\"https:\/\/chatel-medieval.com\/en\/laventure\/la-chronologie\/les-neufchatel\/\">Lire la suite<\/a><\/p>\n","protected":false},"author":2,"featured_media":0,"parent":663,"menu_order":7,"comment_status":"closed","ping_status":"closed","template":"","meta":{"inline_featured_image":false,"editor_plus_copied_stylings":"{}"},"translation":{"provider":"WPGlobus","version":"2.12.2","language":"en","enabled_languages":["fr","en"],"languages":{"fr":{"title":true,"content":true,"excerpt":false},"en":{"title":false,"content":false,"excerpt":false}}},"_links":{"self":[{"href":"https:\/\/chatel-medieval.com\/en\/wp-json\/wp\/v2\/pages\/687"}],"collection":[{"href":"https:\/\/chatel-medieval.com\/en\/wp-json\/wp\/v2\/pages"}],"about":[{"href":"https:\/\/chatel-medieval.com\/en\/wp-json\/wp\/v2\/types\/page"}],"author":[{"embeddable":true,"href":"https:\/\/chatel-medieval.com\/en\/wp-json\/wp\/v2\/users\/2"}],"replies":[{"embeddable":true,"href":"https:\/\/chatel-medieval.com\/en\/wp-json\/wp\/v2\/comments?post=687"}],"version-history":[{"count":10,"href":"https:\/\/chatel-medieval.com\/en\/wp-json\/wp\/v2\/pages\/687\/revisions"}],"predecessor-version":[{"id":3611,"href":"https:\/\/chatel-medieval.com\/en\/wp-json\/wp\/v2\/pages\/687\/revisions\/3611"}],"up":[{"embeddable":true,"href":"https:\/\/chatel-medieval.com\/en\/wp-json\/wp\/v2\/pages\/663"}],"wp:attachment":[{"href":"https:\/\/chatel-medieval.com\/en\/wp-json\/wp\/v2\/media?parent=687"}],"curies":[{"name":"wp","href":"https:\/\/api.w.org\/{rel}","templated":true}]}}