{"id":684,"date":"2017-01-26T20:25:54","date_gmt":"2017-01-26T19:25:54","guid":{"rendered":"http:\/\/chatel-medieval.com\/?page_id=684"},"modified":"2021-05-07T11:14:08","modified_gmt":"2021-05-07T09:14:08","slug":"lartillerie","status":"publish","type":"page","link":"https:\/\/chatel-medieval.com\/en\/laventure\/la-chronologie\/lartillerie\/","title":{"rendered":"L&#8217;artillerie"},"content":{"rendered":"\n<p>La forteresse de Ch\u00e2tel est un t\u00e9moin privil\u00e9gi\u00e9 de l&#8217;adaptation d&#8217;un ch\u00e2teau typique du XIII\u00e8me si\u00e8cle \u00e0 l&#8217;artillerie au XV\u00e8me si\u00e8cle.<\/p>\n\n\n\n<p>Les murs du ch\u00e2teau des Vaud\u00e9mont se sont av\u00e9r\u00e9s incapables de r\u00e9sister \u00e0 l&#8217;artillerie qui fut d&#8217;abord le fait de bombardes \u00e0 boulet de pierre dont les difficult\u00e9s d&#8217;op\u00e9ration et la lenteur de tir leur assuraient une efficacit\u00e9 mod\u00e9r\u00e9e. L&#8217;apparition du boulet m\u00e9tallique vers 1420-1430 va v\u00e9ritablement cr\u00e9er une rupture dans l&#8217;art de fortifier et Thi\u00e9baut VIII de Neufch\u00e2tel va comprendre tr\u00e8s rapidement la n\u00e9cessit\u00e9 de moderniser la place de Ch\u00e2tel.<\/p>\n\n\n\n<figure class=\"wp-block-image size-large\"><img loading=\"lazy\" width=\"1024\" height=\"683\" src=\"https:\/\/chatel-medieval.com\/wp-content\/uploads\/2021\/05\/IVR41_20118810728NUC2A_1-1024x683.jpg\" alt=\"\" class=\"wp-image-3538\" srcset=\"https:\/\/chatel-medieval.com\/wp-content\/uploads\/2021\/05\/IVR41_20118810728NUC2A_1-1024x683.jpg 1024w, https:\/\/chatel-medieval.com\/wp-content\/uploads\/2021\/05\/IVR41_20118810728NUC2A_1-300x200.jpg 300w, https:\/\/chatel-medieval.com\/wp-content\/uploads\/2021\/05\/IVR41_20118810728NUC2A_1-768x512.jpg 768w, https:\/\/chatel-medieval.com\/wp-content\/uploads\/2021\/05\/IVR41_20118810728NUC2A_1-1536x1024.jpg 1536w, https:\/\/chatel-medieval.com\/wp-content\/uploads\/2021\/05\/IVR41_20118810728NUC2A_1.jpg 1950w\" sizes=\"(max-width: 1024px) 100vw, 1024px\" \/><\/figure>\n\n\n\n<p>Il fait donc \u00e9difier au nord face au plateau une double enceinte superpos\u00e9e pour r\u00e9sister aux tirs ennemis et pouvoir r\u00e9pliquer avec ses propres canons. Les travaux sont achev\u00e9s vers 1450 par son fils Thi\u00e9baut IX qui va \u00e9galement d\u00e9fendre le front sud le long de la Moselle par un mur bouclier plac\u00e9 devant le mur d&#8217;enceinte des Vaud\u00e9mont.<\/p>\n\n\n\n<p>La d\u00e9fense se fait d&#8217;une part par des tirs en enfilade pratiqu\u00e9s avec des b\u00e2tons \u00e0 feu, sorte d&#8217;anc\u00eatres de l&#8217;arquebuse, qui visent les pi\u00e9tons qui tentent de monter \u00e0 l&#8217;assaut des murs. D&#8217;autre part, les couleuvrines et les veuglaires sont post\u00e9s sur des plateformes sur les hauts de l&#8217;enceinte pour tirer des boulets m\u00e9talliques sur les formations ennemies et leurs pi\u00e8ces d&#8217;artillerie situ\u00e9es \u00e0 plus grande distance. La place compte ainsi plusieurs centaines de bouches \u00e0 feu qui vont la rendre imprenable pendant au moins cent ans.<\/p>\n\n\n\n<figure class=\"wp-block-image size-large\"><img loading=\"lazy\" width=\"1024\" height=\"683\" src=\"https:\/\/chatel-medieval.com\/wp-content\/uploads\/2021\/05\/IVR41_20118810722NUC2A_1-1024x683.jpg\" alt=\"\" class=\"wp-image-3533\" srcset=\"https:\/\/chatel-medieval.com\/wp-content\/uploads\/2021\/05\/IVR41_20118810722NUC2A_1-1024x683.jpg 1024w, https:\/\/chatel-medieval.com\/wp-content\/uploads\/2021\/05\/IVR41_20118810722NUC2A_1-300x200.jpg 300w, https:\/\/chatel-medieval.com\/wp-content\/uploads\/2021\/05\/IVR41_20118810722NUC2A_1-768x512.jpg 768w, https:\/\/chatel-medieval.com\/wp-content\/uploads\/2021\/05\/IVR41_20118810722NUC2A_1-1536x1024.jpg 1536w, https:\/\/chatel-medieval.com\/wp-content\/uploads\/2021\/05\/IVR41_20118810722NUC2A_1-1200x800.jpg 1200w, https:\/\/chatel-medieval.com\/wp-content\/uploads\/2021\/05\/IVR41_20118810722NUC2A_1-620x413.jpg 620w, https:\/\/chatel-medieval.com\/wp-content\/uploads\/2021\/05\/IVR41_20118810722NUC2A_1-400x267.jpg 400w, https:\/\/chatel-medieval.com\/wp-content\/uploads\/2021\/05\/IVR41_20118810722NUC2A_1.jpg 1950w\" sizes=\"(max-width: 1024px) 100vw, 1024px\" \/><\/figure>\n\n\n\n<p>Il faudra attendre 1670 et l&#8217;arm\u00e9e du Mar\u00e9chal de Cr\u00e9qui pour venir \u00e0 bout de la forteresse plus de deux cents ans apr\u00e8s sa construction.<\/p>\n","protected":false},"excerpt":{"rendered":"<p>La forteresse de Ch\u00e2tel est un t\u00e9moin privil\u00e9gi\u00e9 de l&#8217;adaptation d&#8217;un ch\u00e2teau typique <a class=\"more-link\" href=\"https:\/\/chatel-medieval.com\/en\/laventure\/la-chronologie\/lartillerie\/\">Lire la suite<\/a><\/p>\n","protected":false},"author":2,"featured_media":0,"parent":663,"menu_order":6,"comment_status":"closed","ping_status":"closed","template":"","meta":{"inline_featured_image":false,"editor_plus_copied_stylings":"{}"},"translation":{"provider":"WPGlobus","version":"2.12.2","language":"en","enabled_languages":["fr","en"],"languages":{"fr":{"title":true,"content":true,"excerpt":false},"en":{"title":false,"content":false,"excerpt":false}}},"_links":{"self":[{"href":"https:\/\/chatel-medieval.com\/en\/wp-json\/wp\/v2\/pages\/684"}],"collection":[{"href":"https:\/\/chatel-medieval.com\/en\/wp-json\/wp\/v2\/pages"}],"about":[{"href":"https:\/\/chatel-medieval.com\/en\/wp-json\/wp\/v2\/types\/page"}],"author":[{"embeddable":true,"href":"https:\/\/chatel-medieval.com\/en\/wp-json\/wp\/v2\/users\/2"}],"replies":[{"embeddable":true,"href":"https:\/\/chatel-medieval.com\/en\/wp-json\/wp\/v2\/comments?post=684"}],"version-history":[{"count":7,"href":"https:\/\/chatel-medieval.com\/en\/wp-json\/wp\/v2\/pages\/684\/revisions"}],"predecessor-version":[{"id":3554,"href":"https:\/\/chatel-medieval.com\/en\/wp-json\/wp\/v2\/pages\/684\/revisions\/3554"}],"up":[{"embeddable":true,"href":"https:\/\/chatel-medieval.com\/en\/wp-json\/wp\/v2\/pages\/663"}],"wp:attachment":[{"href":"https:\/\/chatel-medieval.com\/en\/wp-json\/wp\/v2\/media?parent=684"}],"curies":[{"name":"wp","href":"https:\/\/api.w.org\/{rel}","templated":true}]}}