{"id":681,"date":"2017-01-26T20:24:49","date_gmt":"2017-01-26T19:24:49","guid":{"rendered":"http:\/\/chatel-medieval.com\/?page_id=681"},"modified":"2021-05-04T10:35:48","modified_gmt":"2021-05-04T08:35:48","slug":"larcheologie","status":"publish","type":"page","link":"https:\/\/chatel-medieval.com\/en\/laventure\/la-chronologie\/larcheologie\/","title":{"rendered":"L&#8217;arch\u00e9ologie"},"content":{"rendered":"<p style=\"text-align: justify;\">Plusieurs campagnes de fouilles arch\u00e9ologiques ont permis de relever en d\u00e9tail certaines parties du site et ont conduit \u00e0 la d\u00e9couverte de quantit\u00e9 d&#8217;objets, ustensiles de cuisine, armes et boulets qui sont r\u00e9unis au mus\u00e9e et dans les caves du b\u00e2timent d&#8217;accueil.<\/p>\n<p style=\"text-align: justify;\">Les fouilles ont port\u00e9 principalement sur la porterie, les b\u00e2timents des gardes, le donjon et la zone des b\u00e2timents seigneuriaux.<\/p>\n","protected":false},"excerpt":{"rendered":"<p>Plusieurs campagnes de fouilles arch\u00e9ologiques ont permis de relever en d\u00e9tail certaines parties <a class=\"more-link\" href=\"https:\/\/chatel-medieval.com\/en\/laventure\/la-chronologie\/larcheologie\/\">Lire la suite<\/a><\/p>\n","protected":false},"author":2,"featured_media":0,"parent":663,"menu_order":5,"comment_status":"closed","ping_status":"closed","template":"","meta":{"inline_featured_image":false,"editor_plus_copied_stylings":"{}"},"translation":{"provider":"WPGlobus","version":"2.12.2","language":"en","enabled_languages":["fr","en"],"languages":{"fr":{"title":true,"content":true,"excerpt":false},"en":{"title":false,"content":false,"excerpt":false}}},"_links":{"self":[{"href":"https:\/\/chatel-medieval.com\/en\/wp-json\/wp\/v2\/pages\/681"}],"collection":[{"href":"https:\/\/chatel-medieval.com\/en\/wp-json\/wp\/v2\/pages"}],"about":[{"href":"https:\/\/chatel-medieval.com\/en\/wp-json\/wp\/v2\/types\/page"}],"author":[{"embeddable":true,"href":"https:\/\/chatel-medieval.com\/en\/wp-json\/wp\/v2\/users\/2"}],"replies":[{"embeddable":true,"href":"https:\/\/chatel-medieval.com\/en\/wp-json\/wp\/v2\/comments?post=681"}],"version-history":[{"count":6,"href":"https:\/\/chatel-medieval.com\/en\/wp-json\/wp\/v2\/pages\/681\/revisions"}],"predecessor-version":[{"id":3407,"href":"https:\/\/chatel-medieval.com\/en\/wp-json\/wp\/v2\/pages\/681\/revisions\/3407"}],"up":[{"embeddable":true,"href":"https:\/\/chatel-medieval.com\/en\/wp-json\/wp\/v2\/pages\/663"}],"wp:attachment":[{"href":"https:\/\/chatel-medieval.com\/en\/wp-json\/wp\/v2\/media?parent=681"}],"curies":[{"name":"wp","href":"https:\/\/api.w.org\/{rel}","templated":true}]}}