{"id":677,"date":"2017-01-26T20:24:09","date_gmt":"2017-01-26T19:24:09","guid":{"rendered":"http:\/\/chatel-medieval.com\/?page_id=677"},"modified":"2021-07-25T17:38:35","modified_gmt":"2021-07-25T15:38:35","slug":"les-travaux","status":"publish","type":"page","link":"https:\/\/chatel-medieval.com\/en\/laventure\/la-chronologie\/les-travaux\/","title":{"rendered":"Les travaux"},"content":{"rendered":"\n<figure class=\"wp-block-image size-large\"><img loading=\"lazy\" width=\"1024\" height=\"680\" src=\"https:\/\/chatel-medieval.com\/wp-content\/uploads\/2021\/05\/14424855_1260360133985137_425276441502347558_o-1024x680.jpg\" alt=\"\" class=\"wp-image-3519\" srcset=\"https:\/\/chatel-medieval.com\/wp-content\/uploads\/2021\/05\/14424855_1260360133985137_425276441502347558_o-1024x680.jpg 1024w, https:\/\/chatel-medieval.com\/wp-content\/uploads\/2021\/05\/14424855_1260360133985137_425276441502347558_o-300x199.jpg 300w, https:\/\/chatel-medieval.com\/wp-content\/uploads\/2021\/05\/14424855_1260360133985137_425276441502347558_o-768x510.jpg 768w, https:\/\/chatel-medieval.com\/wp-content\/uploads\/2021\/05\/14424855_1260360133985137_425276441502347558_o-1536x1020.jpg 1536w, https:\/\/chatel-medieval.com\/wp-content\/uploads\/2021\/05\/14424855_1260360133985137_425276441502347558_o-620x413.jpg 620w, https:\/\/chatel-medieval.com\/wp-content\/uploads\/2021\/05\/14424855_1260360133985137_425276441502347558_o-400x267.jpg 400w, https:\/\/chatel-medieval.com\/wp-content\/uploads\/2021\/05\/14424855_1260360133985137_425276441502347558_o.jpg 2048w\" sizes=\"(max-width: 1024px) 100vw, 1024px\" \/><\/figure>\n\n\n<p style=\"text-align: justify;\">Les travaux sont r\u00e9alis\u00e9s par les b\u00e9n\u00e9voles de l&#8217;Association durant les chantiers internationaux d&#8217;\u00e9t\u00e9 qui se d\u00e9roulent sous l&#8217;\u00e9gide de l&#8217;Union REMPART.<\/p>\n<p style=\"text-align: justify;\">REMPART a \u00e9t\u00e9 cr\u00e9\u00e9 en 1966 et regroupe 170 associations en France qui s&#8217;occupent de pr\u00e9server et mettre en valeur le patrimoine naturel et du b\u00e2ti. REMPART est en relation avec les Minist\u00e8res ainsi qu&#8217;avec de grandes institutions internationales ce qui lui permet, d&#8217;une part de trouver des fonds, d&#8217;autre part de recruter des b\u00e9n\u00e9voles au niveau national et international.<\/p>\n<p style=\"text-align: justify;\">La plupart des b\u00e9n\u00e9voles qui interviennent \u00e0 Ch\u00e2tel sont inscrits gr\u00e2ce \u00e0 REMPART, ce qui leur procure une assurance accident et leur donne acc\u00e8s \u00e0 un catalogue dans lequel ils peuvent choisir le site o\u00f9 ils interviendront.<\/p>\n<p style=\"text-align: justify;\">Les travaux qui sont actuellement r\u00e9alis\u00e9s \u00e0 Ch\u00e2tel sont la protection du mur d&#8217;enceinte int\u00e9rieur nord ainsi que la mise hors d&#8217;eau de la tour Jarlet qui se trouve sur l&#8217;enceinte ext\u00e9rieure au raccordement du mur de la ville. Ces travaux importants font appel \u00e0 de la taille de pierre et \u00e0 de la ma\u00e7onnerie traditionnelle \u00e0 la chaux sur \u00e9chafaudage. D&#8217;autres petits travaux de rejointoiement sont conduits sur l&#8217;ensemble du site.<\/p>\n<div id=\"metaslider-id-4150\" style=\"width: 100%;\" class=\"ml-slider-3-33-0 metaslider metaslider-flex metaslider-4150 ml-slider ms-theme-default\" role=\"region\" aria-roledescription=\"Slideshow\" aria-label=\"Nouveau diaporama\">\n    <div id=\"metaslider_container_4150\">\n        <div id=\"metaslider_4150\">\n            <ul aria-live=\"polite\" class=\"slides\">\n                <li style=\"display: block; width: 100%;\" class=\"slide-4151 ms-image\" aria-roledescription=\"slide\" aria-label=\"slide-4151\"><img src=\"https:\/\/chatel-medieval.com\/wp-content\/uploads\/2021\/05\/Etuve-scaled-1200x1700.jpg\" height=\"1700\" width=\"1200\" alt=\"\" class=\"slider-4150 slide-4151\" title=\"Chantier tour de l&#039;\u00e9tuve\" \/><\/li>\n                <li style=\"display: none; width: 100%;\" class=\"slide-4152 ms-image\" aria-roledescription=\"slide\" aria-label=\"slide-4152\"><img src=\"https:\/\/chatel-medieval.com\/wp-content\/uploads\/2021\/05\/DSC_2916-scaled-1200x1700.jpg\" height=\"1700\" width=\"1200\" alt=\"\" class=\"slider-4150 slide-4152\" title=\"Chantier dans souterrains\" \/><\/li>\n                <li style=\"display: none; width: 100%;\" class=\"slide-4153 ms-image\" aria-roledescription=\"slide\" aria-label=\"slide-4153\"><img src=\"https:\/\/chatel-medieval.com\/wp-content\/uploads\/2021\/05\/DSC_2899-scaled-1200x1700.jpg\" height=\"1700\" width=\"1200\" alt=\"\" class=\"slider-4150 slide-4153\" title=\"Taille de pierre durant chantiers\" \/><\/li>\n                <li style=\"display: none; width: 100%;\" class=\"slide-4154 ms-image\" aria-roledescription=\"slide\" aria-label=\"slide-4154\"><img src=\"https:\/\/chatel-medieval.com\/wp-content\/uploads\/2021\/05\/2019-scaled-1200x1700.jpg\" height=\"1700\" width=\"1200\" alt=\"\" class=\"slider-4150 slide-4154\" title=\"Chantier joints mur\" \/><\/li>\n                <li style=\"display: none; width: 100%;\" class=\"slide-4155 ms-image\" aria-roledescription=\"slide\" aria-label=\"slide-4155\"><img src=\"https:\/\/chatel-medieval.com\/wp-content\/uploads\/2021\/05\/2009-1-scaled-1200x1700.jpg\" height=\"1700\" width=\"1200\" alt=\"\" class=\"slider-4150 slide-4155\" title=\"Chantier\" \/><\/li>\n                <li style=\"display: none; width: 100%;\" class=\"slide-4156 ms-image\" aria-roledescription=\"slide\" aria-label=\"slide-4156\"><img src=\"https:\/\/chatel-medieval.com\/wp-content\/uploads\/2021\/05\/14424855_1260360133985137_425276441502347558_o-1200x1700.jpg\" height=\"1700\" width=\"1200\" alt=\"\" class=\"slider-4150 slide-4156\" title=\"Chantier enceinte nord\" \/><\/li>\n                <li style=\"display: none; width: 100%;\" class=\"slide-4157 ms-image\" aria-roledescription=\"slide\" aria-label=\"slide-4157\"><img src=\"https:\/\/chatel-medieval.com\/wp-content\/uploads\/2020\/01\/chantier-\u00e9t\u00e9-2020-1200x1700.jpg\" height=\"1700\" width=\"1200\" alt=\"\" class=\"slider-4150 slide-4157\" title=\"chantier \u00e9t\u00e9 2020\" \/><\/li>\n                <li style=\"display: none; width: 100%;\" class=\"slide-4158 ms-image\" aria-roledescription=\"slide\" aria-label=\"slide-4158\"><img src=\"https:\/\/chatel-medieval.com\/wp-content\/uploads\/2019\/01\/DSC_1768-1200x1700.jpg\" height=\"1700\" width=\"1200\" alt=\"\" class=\"slider-4150 slide-4158\" title=\"DSC_1768\" \/><\/li>\n                <li style=\"display: none; width: 100%;\" class=\"slide-4159 ms-image\" aria-roledescription=\"slide\" aria-label=\"slide-4159\"><img src=\"https:\/\/chatel-medieval.com\/wp-content\/uploads\/2018\/02\/Chantier-\u00e9t\u00e9-1200x1700.jpg\" height=\"1700\" width=\"1200\" alt=\"\" class=\"slider-4150 slide-4159\" title=\"Chantier \u00e9t\u00e9\" \/><\/li>\n                <li style=\"display: none; width: 100%;\" class=\"slide-4160 ms-image\" aria-roledescription=\"slide\" aria-label=\"slide-4160\"><img src=\"https:\/\/chatel-medieval.com\/wp-content\/uploads\/2018\/02\/ch-avril-1200x1700.jpg\" height=\"1700\" width=\"1200\" alt=\"\" class=\"slider-4150 slide-4160\" title=\"ch avril\" \/><\/li>\n                <li style=\"display: none; width: 100%;\" class=\"slide-4161 ms-image\" aria-roledescription=\"slide\" aria-label=\"slide-4161\"><img src=\"https:\/\/chatel-medieval.com\/wp-content\/uploads\/2018\/02\/1-1200x1700.jpg\" height=\"1700\" width=\"1200\" alt=\"\" class=\"slider-4150 slide-4161\" title=\"1\" \/><\/li>\n            <\/ul>\n        <\/div>\n        \n    <\/div>\n<\/div>","protected":false},"excerpt":{"rendered":"<p>Les travaux sont r\u00e9alis\u00e9s par les b\u00e9n\u00e9voles de l&#8217;Association durant les chantiers internationaux <a class=\"more-link\" href=\"https:\/\/chatel-medieval.com\/en\/laventure\/la-chronologie\/les-travaux\/\">Lire la suite<\/a><\/p>\n","protected":false},"author":2,"featured_media":0,"parent":663,"menu_order":4,"comment_status":"closed","ping_status":"closed","template":"","meta":{"inline_featured_image":false,"editor_plus_copied_stylings":"{}"},"translation":{"provider":"WPGlobus","version":"2.12.2","language":"en","enabled_languages":["fr","en"],"languages":{"fr":{"title":true,"content":true,"excerpt":false},"en":{"title":false,"content":false,"excerpt":false}}},"_links":{"self":[{"href":"https:\/\/chatel-medieval.com\/en\/wp-json\/wp\/v2\/pages\/677"}],"collection":[{"href":"https:\/\/chatel-medieval.com\/en\/wp-json\/wp\/v2\/pages"}],"about":[{"href":"https:\/\/chatel-medieval.com\/en\/wp-json\/wp\/v2\/types\/page"}],"author":[{"embeddable":true,"href":"https:\/\/chatel-medieval.com\/en\/wp-json\/wp\/v2\/users\/2"}],"replies":[{"embeddable":true,"href":"https:\/\/chatel-medieval.com\/en\/wp-json\/wp\/v2\/comments?post=677"}],"version-history":[{"count":8,"href":"https:\/\/chatel-medieval.com\/en\/wp-json\/wp\/v2\/pages\/677\/revisions"}],"predecessor-version":[{"id":4163,"href":"https:\/\/chatel-medieval.com\/en\/wp-json\/wp\/v2\/pages\/677\/revisions\/4163"}],"up":[{"embeddable":true,"href":"https:\/\/chatel-medieval.com\/en\/wp-json\/wp\/v2\/pages\/663"}],"wp:attachment":[{"href":"https:\/\/chatel-medieval.com\/en\/wp-json\/wp\/v2\/media?parent=677"}],"curies":[{"name":"wp","href":"https:\/\/api.w.org\/{rel}","templated":true}]}}