{"id":674,"date":"2017-01-26T20:23:37","date_gmt":"2017-01-26T19:23:37","guid":{"rendered":"http:\/\/chatel-medieval.com\/?page_id=674"},"modified":"2021-05-04T10:34:38","modified_gmt":"2021-05-04T08:34:38","slug":"la-reconstruction","status":"publish","type":"page","link":"https:\/\/chatel-medieval.com\/en\/laventure\/la-chronologie\/la-reconstruction\/","title":{"rendered":"La reconstruction"},"content":{"rendered":"<p style=\"text-align: justify;\">Il ne peut \u00eatre question d&#8217;une reconstruction du site car cela ne correspond pas aux termes de la Charte de Venise qui r\u00e9git les interventions sur les monuments class\u00e9s au titre des Monuments Historiques, ce qui est le cas \u00e0 Ch\u00e2tel depuis 1988.<\/p>\n<p style=\"text-align: justify;\">Les travaux de restauration sont entrepris par un architecte sp\u00e9cialis\u00e9 dont le projet a \u00e9t\u00e9 valid\u00e9 par le Conservateur des Monuments Historiques qui se charge \u00e9galement de v\u00e9rifier leur conformit\u00e9.<\/p>\n<p style=\"text-align: justify;\">Les travaux d&#8217;entretien peuvent \u00eatre r\u00e9alis\u00e9s par des b\u00e9n\u00e9voles de l&#8217;Association sous r\u00e9serve de leur validation par l&#8217;Architecte des B\u00e2timents de France. C&#8217;est dans ce cadre que nous intervenons, notamment durant les chantiers internationaux qui se d\u00e9roulent du 15 juillet au 31 ao\u00fbt de chaque ann\u00e9e.<\/p>\n","protected":false},"excerpt":{"rendered":"<p>Il ne peut \u00eatre question d&#8217;une reconstruction du site car cela ne correspond <a class=\"more-link\" href=\"https:\/\/chatel-medieval.com\/en\/laventure\/la-chronologie\/la-reconstruction\/\">Lire la suite<\/a><\/p>\n","protected":false},"author":2,"featured_media":0,"parent":663,"menu_order":3,"comment_status":"closed","ping_status":"closed","template":"","meta":{"inline_featured_image":false,"editor_plus_copied_stylings":"{}"},"translation":{"provider":"WPGlobus","version":"2.12.2","language":"en","enabled_languages":["fr","en"],"languages":{"fr":{"title":true,"content":true,"excerpt":false},"en":{"title":false,"content":false,"excerpt":false}}},"_links":{"self":[{"href":"https:\/\/chatel-medieval.com\/en\/wp-json\/wp\/v2\/pages\/674"}],"collection":[{"href":"https:\/\/chatel-medieval.com\/en\/wp-json\/wp\/v2\/pages"}],"about":[{"href":"https:\/\/chatel-medieval.com\/en\/wp-json\/wp\/v2\/types\/page"}],"author":[{"embeddable":true,"href":"https:\/\/chatel-medieval.com\/en\/wp-json\/wp\/v2\/users\/2"}],"replies":[{"embeddable":true,"href":"https:\/\/chatel-medieval.com\/en\/wp-json\/wp\/v2\/comments?post=674"}],"version-history":[{"count":6,"href":"https:\/\/chatel-medieval.com\/en\/wp-json\/wp\/v2\/pages\/674\/revisions"}],"predecessor-version":[{"id":3405,"href":"https:\/\/chatel-medieval.com\/en\/wp-json\/wp\/v2\/pages\/674\/revisions\/3405"}],"up":[{"embeddable":true,"href":"https:\/\/chatel-medieval.com\/en\/wp-json\/wp\/v2\/pages\/663"}],"wp:attachment":[{"href":"https:\/\/chatel-medieval.com\/en\/wp-json\/wp\/v2\/media?parent=674"}],"curies":[{"name":"wp","href":"https:\/\/api.w.org\/{rel}","templated":true}]}}