{"id":671,"date":"2017-01-26T20:22:28","date_gmt":"2017-01-26T19:22:28","guid":{"rendered":"http:\/\/chatel-medieval.com\/?page_id=671"},"modified":"2022-09-19T16:54:04","modified_gmt":"2022-09-19T14:54:04","slug":"lequipe","status":"publish","type":"page","link":"https:\/\/chatel-medieval.com\/en\/laventure\/la-chronologie\/lequipe\/","title":{"rendered":"L&#8217;\u00e9quipe"},"content":{"rendered":"<p style=\"text-align: justify;\">L&#8217;Association du Vieux Ch\u00e2tel est forte d&#8217;environ 120 membres actifs et son Conseil d&#8217;Administration est compos\u00e9 de 12 administrateurs. L&#8217;\u00e9quipe du bureau comprend le Pr\u00e9sident (Gilles Debry), le Tr\u00e9sorier (Olivier Cl\u00e9ment) et le Secr\u00e9taire (Jean-Jacques Cocheteux).<\/p>\n<p style=\"text-align: justify;\">L&#8217;\u00e9quipe de salari\u00e9s s&#8217;appuie sur une guide animatrice (Johanne Schal). Cette \u00e9quipe est compl\u00e9t\u00e9e par des apprentis en \u00e9cole de tourisme et de jeune gens en service civique. Des prestataires et des b\u00e9n\u00e9voles interviennent aussi r\u00e9guli\u00e8rement sur le site. L&#8217;\u00e9quipe est \u00e0 votre service toute l&#8217;ann\u00e9e sauf pendant quelques semaines en hiver.<\/p>\n","protected":false},"excerpt":{"rendered":"<p>L&#8217;Association du Vieux Ch\u00e2tel est forte d&#8217;environ 120 membres actifs et son Conseil <a class=\"more-link\" href=\"https:\/\/chatel-medieval.com\/en\/laventure\/la-chronologie\/lequipe\/\">Lire la suite<\/a><\/p>\n","protected":false},"author":2,"featured_media":0,"parent":663,"menu_order":2,"comment_status":"closed","ping_status":"closed","template":"","meta":{"inline_featured_image":false,"editor_plus_copied_stylings":"{}"},"translation":{"provider":"WPGlobus","version":"2.12.2","language":"en","enabled_languages":["fr","en"],"languages":{"fr":{"title":true,"content":true,"excerpt":false},"en":{"title":false,"content":false,"excerpt":false}}},"_links":{"self":[{"href":"https:\/\/chatel-medieval.com\/en\/wp-json\/wp\/v2\/pages\/671"}],"collection":[{"href":"https:\/\/chatel-medieval.com\/en\/wp-json\/wp\/v2\/pages"}],"about":[{"href":"https:\/\/chatel-medieval.com\/en\/wp-json\/wp\/v2\/types\/page"}],"author":[{"embeddable":true,"href":"https:\/\/chatel-medieval.com\/en\/wp-json\/wp\/v2\/users\/2"}],"replies":[{"embeddable":true,"href":"https:\/\/chatel-medieval.com\/en\/wp-json\/wp\/v2\/comments?post=671"}],"version-history":[{"count":19,"href":"https:\/\/chatel-medieval.com\/en\/wp-json\/wp\/v2\/pages\/671\/revisions"}],"predecessor-version":[{"id":4730,"href":"https:\/\/chatel-medieval.com\/en\/wp-json\/wp\/v2\/pages\/671\/revisions\/4730"}],"up":[{"embeddable":true,"href":"https:\/\/chatel-medieval.com\/en\/wp-json\/wp\/v2\/pages\/663"}],"wp:attachment":[{"href":"https:\/\/chatel-medieval.com\/en\/wp-json\/wp\/v2\/media?parent=671"}],"curies":[{"name":"wp","href":"https:\/\/api.w.org\/{rel}","templated":true}]}}