{"id":668,"date":"2017-01-26T20:21:36","date_gmt":"2017-01-26T19:21:36","guid":{"rendered":"http:\/\/chatel-medieval.com\/?page_id=668"},"modified":"2021-06-14T16:42:28","modified_gmt":"2021-06-14T14:42:28","slug":"le-site","status":"publish","type":"page","link":"https:\/\/chatel-medieval.com\/en\/laventure\/la-chronologie\/le-site\/","title":{"rendered":"Le site"},"content":{"rendered":"<p style=\"text-align: justify;\">Le site est enti\u00e8rement class\u00e9 au titre des Monuments Historiques depuis 1988. Un relev\u00e9 en photogramm\u00e9trie num\u00e9rique a \u00e9t\u00e9 effectu\u00e9 par h\u00e9licopt\u00e8re et par drone puis compl\u00e9t\u00e9 par un relev\u00e9 manuel dans les galeries.\u00a0<\/p>\n\n\n<div class=\"alignnormal\"><div id=\"metaslider-id-3914\" style=\"max-width: 1200px;\" class=\"ml-slider-3-33-0 metaslider metaslider-flex metaslider-3914 ml-slider ms-theme-default\" role=\"region\" aria-roledescription=\"Slideshow\" aria-label=\"Nouveau diaporama\">\n    <div id=\"metaslider_container_3914\">\n        <div id=\"metaslider_3914\">\n            <ul aria-live=\"polite\" class=\"slides\">\n                <li style=\"display: block; width: 100%;\" class=\"slide-3918 ms-image\" aria-roledescription=\"slide\" aria-label=\"slide-3918\"><img src=\"https:\/\/chatel-medieval.com\/wp-content\/uploads\/2021\/03\/12374995_1213788348635745_1059971190322003643_o-968x645.jpg\" height=\"800\" width=\"1200\" alt=\"\" class=\"slider-3914 slide-3918\" title=\"Le jardin m\u00e9di\u00e9vale et ses remparts\" \/><\/li>\n                <li style=\"display: none; width: 100%;\" class=\"slide-3915 ms-image\" aria-roledescription=\"slide\" aria-label=\"slide-3915\"><img src=\"https:\/\/chatel-medieval.com\/wp-content\/uploads\/2021\/03\/20200730_112719-scaled-1200x800.jpg\" height=\"800\" width=\"1200\" alt=\"\" class=\"slider-3914 slide-3915\" title=\"Couloir principal de l&#039;Arsenal\" \/><\/li>\n                <li style=\"display: none; width: 100%;\" class=\"slide-3916 ms-image\" aria-roledescription=\"slide\" aria-label=\"slide-3916\"><img src=\"https:\/\/chatel-medieval.com\/wp-content\/uploads\/2021\/03\/8-Fortifications-cote-Moselle-recto-1200x800.jpg\" height=\"800\" width=\"1200\" alt=\"\" class=\"slider-3914 slide-3916\" \/><\/li>\n                <li style=\"display: none; width: 100%;\" class=\"slide-3922 ms-image\" aria-roledescription=\"slide\" aria-label=\"slide-3922\"><img src=\"https:\/\/chatel-medieval.com\/wp-content\/uploads\/2021\/06\/A8C7558-scaled-1200x800.jpg\" height=\"800\" width=\"1200\" alt=\"\" class=\"slider-3914 slide-3922\" title=\"_A8C7558\" \/><\/li>\n                <li style=\"display: none; width: 100%;\" class=\"slide-3917 ms-image\" aria-roledescription=\"slide\" aria-label=\"slide-3917\"><img src=\"https:\/\/chatel-medieval.com\/wp-content\/uploads\/2021\/03\/38026238_645823112440065_1395494548746010624_o-e1623140434649-1119x746.jpg\" height=\"800\" width=\"1200\" alt=\"\" class=\"slider-3914 slide-3917\" title=\"Ruines et Centre Guyot d&#039;Avilley\" \/><\/li>\n                <li style=\"display: none; width: 100%;\" class=\"slide-3919 ms-image\" aria-roledescription=\"slide\" aria-label=\"slide-3919\"><img src=\"https:\/\/chatel-medieval.com\/wp-content\/uploads\/2021\/03\/photo-1-1200x800.jpg\" height=\"800\" width=\"1200\" alt=\"\" class=\"slider-3914 slide-3919\" title=\"Rempart nord\" \/><\/li>\n                <li style=\"display: none; width: 100%;\" class=\"slide-3920 ms-image\" aria-roledescription=\"slide\" aria-label=\"slide-3920\"><img src=\"https:\/\/chatel-medieval.com\/wp-content\/uploads\/2021\/06\/A8C7291-scaled-1200x800.jpg\" height=\"800\" width=\"1200\" alt=\"\" class=\"slider-3914 slide-3920\" title=\"_A8C7291\" \/><\/li>\n                <li style=\"display: none; width: 100%;\" class=\"slide-3921 ms-image\" aria-roledescription=\"slide\" aria-label=\"slide-3921\"><img src=\"https:\/\/chatel-medieval.com\/wp-content\/uploads\/2021\/06\/A8C7380-scaled-1200x800.jpg\" height=\"800\" width=\"1200\" alt=\"\" class=\"slider-3914 slide-3921\" title=\"Boulangerie\" \/><\/li>\n                <li style=\"display: none; width: 100%;\" class=\"slide-3923 ms-image\" aria-roledescription=\"slide\" aria-label=\"slide-3923\"><img src=\"https:\/\/chatel-medieval.com\/wp-content\/uploads\/2018\/01\/chatel-meurtiere-arbalete-843x562.jpg\" height=\"800\" width=\"1200\" alt=\"\" class=\"slider-3914 slide-3923\" title=\"chatel-meurtiere-arbalete\" \/><\/li>\n                <li style=\"display: none; width: 100%;\" class=\"slide-3924 ms-image\" aria-roledescription=\"slide\" aria-label=\"slide-3924\"><img src=\"https:\/\/chatel-medieval.com\/wp-content\/uploads\/2021\/03\/DSC_1277-scaled-e1623142876308-1200x800.jpg\" height=\"800\" width=\"1200\" alt=\"\" class=\"slider-3914 slide-3924\" title=\"Rempart nord vu des foss\u00e9s\" \/><\/li>\n                <li style=\"display: none; width: 100%;\" class=\"slide-3925 ms-image\" aria-roledescription=\"slide\" aria-label=\"slide-3925\"><img src=\"https:\/\/chatel-medieval.com\/wp-content\/uploads\/2021\/05\/Tour-cote-Moselle-2020-scaled-1200x800.jpg\" height=\"800\" width=\"1200\" alt=\"\" class=\"slider-3914 slide-3925\" title=\"Tour c\u00f4t\u00e9 Moselle\" \/><\/li>\n                <li style=\"display: none; width: 100%;\" class=\"slide-3926 ms-image\" aria-roledescription=\"slide\" aria-label=\"slide-3926\"><img src=\"https:\/\/chatel-medieval.com\/wp-content\/uploads\/2021\/05\/2009-1200x800.jpg\" height=\"800\" width=\"1200\" alt=\"\" class=\"slider-3914 slide-3926\" title=\"Double enceinte Nord\" \/><\/li>\n            <\/ul>\n        <\/div>\n        \n    <\/div>\n<\/div><\/div>\n","protected":false},"excerpt":{"rendered":"<p>Le site est enti\u00e8rement class\u00e9 au titre des Monuments Historiques depuis 1988. Un <a class=\"more-link\" href=\"https:\/\/chatel-medieval.com\/en\/laventure\/la-chronologie\/le-site\/\">Lire la suite<\/a><\/p>\n","protected":false},"author":2,"featured_media":0,"parent":663,"menu_order":1,"comment_status":"closed","ping_status":"closed","template":"","meta":{"inline_featured_image":false,"editor_plus_copied_stylings":"{}"},"translation":{"provider":"WPGlobus","version":"2.12.2","language":"en","enabled_languages":["fr","en"],"languages":{"fr":{"title":true,"content":true,"excerpt":false},"en":{"title":false,"content":false,"excerpt":false}}},"_links":{"self":[{"href":"https:\/\/chatel-medieval.com\/en\/wp-json\/wp\/v2\/pages\/668"}],"collection":[{"href":"https:\/\/chatel-medieval.com\/en\/wp-json\/wp\/v2\/pages"}],"about":[{"href":"https:\/\/chatel-medieval.com\/en\/wp-json\/wp\/v2\/types\/page"}],"author":[{"embeddable":true,"href":"https:\/\/chatel-medieval.com\/en\/wp-json\/wp\/v2\/users\/2"}],"replies":[{"embeddable":true,"href":"https:\/\/chatel-medieval.com\/en\/wp-json\/wp\/v2\/comments?post=668"}],"version-history":[{"count":14,"href":"https:\/\/chatel-medieval.com\/en\/wp-json\/wp\/v2\/pages\/668\/revisions"}],"predecessor-version":[{"id":3928,"href":"https:\/\/chatel-medieval.com\/en\/wp-json\/wp\/v2\/pages\/668\/revisions\/3928"}],"up":[{"embeddable":true,"href":"https:\/\/chatel-medieval.com\/en\/wp-json\/wp\/v2\/pages\/663"}],"wp:attachment":[{"href":"https:\/\/chatel-medieval.com\/en\/wp-json\/wp\/v2\/media?parent=668"}],"curies":[{"name":"wp","href":"https:\/\/api.w.org\/{rel}","templated":true}]}}