{"id":663,"date":"2017-01-26T20:11:36","date_gmt":"2017-01-26T19:11:36","guid":{"rendered":"http:\/\/chatel-medieval.com\/?page_id=663"},"modified":"2021-05-04T10:31:53","modified_gmt":"2021-05-04T08:31:53","slug":"la-chronologie","status":"publish","type":"page","link":"https:\/\/chatel-medieval.com\/en\/laventure\/la-chronologie\/","title":{"rendered":"La chronologie"},"content":{"rendered":"<p style=\"text-align: justify;\">Des fouilles men\u00e9es au XIX\u00e8me si\u00e8cle ont montr\u00e9 un habitat pr\u00e9historique dans les environs. Des vestiges gallo-romains ont \u00e9galement \u00e9t\u00e9 mis au jour.<\/p>\n<p style=\"text-align: justify;\">Sur le site lui-m\u00eame un premier ch\u00e2teau est construit autour d&#8217;un donjon carr\u00e9 d\u00e8s la fin du XI\u00e8me si\u00e8cle. Au XIII\u00e8me les comtes de Vaud\u00e9mont agrandissent le ch\u00e2teau vers l&#8217;est et ajoutent une tour porche munie d&#8217;un pont-levis, des tours de flanquement et un logis seigneurial.<\/p>\n<p style=\"text-align: justify;\">Au XV\u00e8me si\u00e8cle les Neufch\u00e2tel r\u00e9alisent une adaptation pour l&#8217;artillerie de grande ampleur avec une double enceinte au nord entour\u00e9e d&#8217;un foss\u00e9 et une chemise d&#8217;artillerie au sud, toutes deux munies d&#8217;un grand nombre de bouches \u00e0 feu.<\/p>\n<p style=\"text-align: justify;\">La forteresse est ras\u00e9e en 1670 par les troupes de Louis XIV apr\u00e8s plusieurs si\u00e8ges successifs.<\/p>\n<p style=\"text-align: justify;\">Des moines Capucins et des soeurs de Notre Dame obtiennent l&#8217;autorisation de s&#8217;installer sur les ruines au d\u00e9but du XVIII\u00e8me si\u00e8cle.<\/p>\n<p style=\"text-align: justify;\">Le b\u00e2timent des moines, transform\u00e9 en maternit\u00e9 en 1905, br\u00fble durant la seconde guerre mondiale. Il est ras\u00e9 au d\u00e9but des ann\u00e9es soixante et deux b\u00e2timents HLM disgracieux sont install\u00e9s sur le site en 1970.<\/p>\n<p style=\"text-align: justify;\">L&#8217;association du Vieux Ch\u00e2tel est cr\u00e9\u00e9e par Jacques Debry en 1972 pour contrer les effets de ce programme malencontreux et pour commencer \u00e0 d\u00e9gager les ruines. Les travaux d&#8217;entretien et de mise en valeur se poursuivent sans rel\u00e2che depuis cette date, notamment gr\u00e2ce \u00e0 des chantiers de b\u00e9n\u00e9voles internationaux qui se d\u00e9roulent chaque \u00e9t\u00e9.<\/p>\n","protected":false},"excerpt":{"rendered":"<p>Des fouilles men\u00e9es au XIX\u00e8me si\u00e8cle ont montr\u00e9 un habitat pr\u00e9historique dans les <a class=\"more-link\" href=\"https:\/\/chatel-medieval.com\/en\/laventure\/la-chronologie\/\">Lire la suite<\/a><\/p>\n","protected":false},"author":2,"featured_media":0,"parent":131,"menu_order":0,"comment_status":"closed","ping_status":"closed","template":"","meta":{"inline_featured_image":false,"editor_plus_copied_stylings":"{}"},"translation":{"provider":"WPGlobus","version":"2.12.2","language":"en","enabled_languages":["fr","en"],"languages":{"fr":{"title":true,"content":true,"excerpt":false},"en":{"title":false,"content":false,"excerpt":false}}},"_links":{"self":[{"href":"https:\/\/chatel-medieval.com\/en\/wp-json\/wp\/v2\/pages\/663"}],"collection":[{"href":"https:\/\/chatel-medieval.com\/en\/wp-json\/wp\/v2\/pages"}],"about":[{"href":"https:\/\/chatel-medieval.com\/en\/wp-json\/wp\/v2\/types\/page"}],"author":[{"embeddable":true,"href":"https:\/\/chatel-medieval.com\/en\/wp-json\/wp\/v2\/users\/2"}],"replies":[{"embeddable":true,"href":"https:\/\/chatel-medieval.com\/en\/wp-json\/wp\/v2\/comments?post=663"}],"version-history":[{"count":12,"href":"https:\/\/chatel-medieval.com\/en\/wp-json\/wp\/v2\/pages\/663\/revisions"}],"predecessor-version":[{"id":3402,"href":"https:\/\/chatel-medieval.com\/en\/wp-json\/wp\/v2\/pages\/663\/revisions\/3402"}],"up":[{"embeddable":true,"href":"https:\/\/chatel-medieval.com\/en\/wp-json\/wp\/v2\/pages\/131"}],"wp:attachment":[{"href":"https:\/\/chatel-medieval.com\/en\/wp-json\/wp\/v2\/media?parent=663"}],"curies":[{"name":"wp","href":"https:\/\/api.w.org\/{rel}","templated":true}]}}