{"id":615,"date":"2017-01-26T19:36:00","date_gmt":"2017-01-26T18:36:00","guid":{"rendered":"http:\/\/chatel-medieval.com\/?page_id=615"},"modified":"2021-06-28T10:32:33","modified_gmt":"2021-06-28T08:32:33","slug":"entree-du-chateau","status":"publish","type":"page","link":"https:\/\/chatel-medieval.com\/en\/nos-photos\/entree-du-chateau\/","title":{"rendered":"> Canon f\u00eate m\u00e9di\u00e9vale"},"content":{"rendered":"\n<figure class=\"wp-block-image size-large is-resized\"><img loading=\"lazy\" src=\"https:\/\/chatel-medieval.com\/wp-content\/uploads\/2021\/06\/2006-ou-2008-2-e1624868649549-1024x493.jpg\" alt=\"\" class=\"wp-image-4086\" width=\"582\" height=\"280\" srcset=\"https:\/\/chatel-medieval.com\/wp-content\/uploads\/2021\/06\/2006-ou-2008-2-e1624868649549-1024x493.jpg 1024w, https:\/\/chatel-medieval.com\/wp-content\/uploads\/2021\/06\/2006-ou-2008-2-e1624868649549-300x145.jpg 300w, https:\/\/chatel-medieval.com\/wp-content\/uploads\/2021\/06\/2006-ou-2008-2-e1624868649549-768x370.jpg 768w, https:\/\/chatel-medieval.com\/wp-content\/uploads\/2021\/06\/2006-ou-2008-2-e1624868649549.jpg 1536w\" sizes=\"(max-width: 582px) 100vw, 582px\" \/><\/figure>\n","protected":false},"excerpt":{"rendered":"","protected":false},"author":1,"featured_media":0,"parent":741,"menu_order":0,"comment_status":"closed","ping_status":"closed","template":"","meta":{"inline_featured_image":false,"editor_plus_copied_stylings":"{}"},"translation":{"provider":"WPGlobus","version":"2.12.2","language":"en","enabled_languages":["fr","en"],"languages":{"fr":{"title":true,"content":true,"excerpt":false},"en":{"title":false,"content":false,"excerpt":false}}},"_links":{"self":[{"href":"https:\/\/chatel-medieval.com\/en\/wp-json\/wp\/v2\/pages\/615"}],"collection":[{"href":"https:\/\/chatel-medieval.com\/en\/wp-json\/wp\/v2\/pages"}],"about":[{"href":"https:\/\/chatel-medieval.com\/en\/wp-json\/wp\/v2\/types\/page"}],"author":[{"embeddable":true,"href":"https:\/\/chatel-medieval.com\/en\/wp-json\/wp\/v2\/users\/1"}],"replies":[{"embeddable":true,"href":"https:\/\/chatel-medieval.com\/en\/wp-json\/wp\/v2\/comments?post=615"}],"version-history":[{"count":17,"href":"https:\/\/chatel-medieval.com\/en\/wp-json\/wp\/v2\/pages\/615\/revisions"}],"predecessor-version":[{"id":4275,"href":"https:\/\/chatel-medieval.com\/en\/wp-json\/wp\/v2\/pages\/615\/revisions\/4275"}],"up":[{"embeddable":true,"href":"https:\/\/chatel-medieval.com\/en\/wp-json\/wp\/v2\/pages\/741"}],"wp:attachment":[{"href":"https:\/\/chatel-medieval.com\/en\/wp-json\/wp\/v2\/media?parent=615"}],"curies":[{"name":"wp","href":"https:\/\/api.w.org\/{rel}","templated":true}]}}