{"id":4757,"date":"2022-11-28T11:26:54","date_gmt":"2022-11-28T10:26:54","guid":{"rendered":"https:\/\/chatel-medieval.com\/?page_id=4757"},"modified":"2023-02-28T13:55:26","modified_gmt":"2023-02-28T12:55:26","slug":"50-ans-50-photos-lexposition","status":"publish","type":"page","link":"https:\/\/chatel-medieval.com\/en\/50-ans-50-photos-lexposition\/","title":{"rendered":"50 ans, 50 photos &#8211; L&#8217;exposition"},"content":{"rendered":"\n<p class=\" eplus-wrapper\">En cette ann\u00e9e 2022, l&#8217;association du Vieux Ch\u00e2tel f\u00eate son Jubil\u00e9. 50 ans d&#8217;histoire, r\u00e9sum\u00e9s en 5 grandes p\u00e9riodes illustr\u00e9es par 50 photos qui vous permettront de revivre ce voyage fantastique.<\/p>\n\n\n<div id=\"metaslider-id-4843\" style=\"width: 100%;\" class=\"ml-slider-3-33-0 metaslider metaslider-flex metaslider-4843 ml-slider ms-theme-default\" role=\"region\" aria-roledescription=\"Slideshow\" aria-label=\"Nouveau diaporama\">\n    <div id=\"metaslider_container_4843\">\n        <div id=\"metaslider_4843\">\n            <ul aria-live=\"polite\" class=\"slides\">\n                <li style=\"display: block; width: 100%;\" class=\"slide-4881 ms-image\" aria-roledescription=\"slide\" aria-label=\"slide-4881\"><img src=\"https:\/\/chatel-medieval.com\/wp-content\/uploads\/2022\/11\/Livret-retracant-lexposition-1200x1700.png\" height=\"1700\" width=\"1200\" alt=\"\" class=\"slider-4843 slide-4881\" title=\"Livret retracant l&#039;exposition\" \/><\/li>\n                <li style=\"display: none; width: 100%;\" class=\"slide-4882 ms-image\" aria-roledescription=\"slide\" aria-label=\"slide-4882\"><img src=\"https:\/\/chatel-medieval.com\/wp-content\/uploads\/2022\/11\/Livret-retracant-lexposition2-1200x1700.png\" height=\"1700\" width=\"1200\" alt=\"\" class=\"slider-4843 slide-4882\" title=\"Livret retracant l&#039;exposition2\" \/><\/li>\n                <li style=\"display: none; width: 100%;\" class=\"slide-4883 ms-image\" aria-roledescription=\"slide\" aria-label=\"slide-4883\"><img src=\"https:\/\/chatel-medieval.com\/wp-content\/uploads\/2022\/11\/Livret-retracant-lexposition3-1200x1700.png\" height=\"1700\" width=\"1200\" alt=\"\" class=\"slider-4843 slide-4883\" title=\"Livret retracant l&#039;exposition3\" \/><\/li>\n                <li style=\"display: none; width: 100%;\" class=\"slide-4884 ms-image\" aria-roledescription=\"slide\" aria-label=\"slide-4884\"><img src=\"https:\/\/chatel-medieval.com\/wp-content\/uploads\/2022\/11\/Livret-retracant-lexposition4-1200x1700.png\" height=\"1700\" width=\"1200\" alt=\"\" class=\"slider-4843 slide-4884\" title=\"Livret retracant l&#039;exposition4\" \/><\/li>\n                <li style=\"display: none; width: 100%;\" class=\"slide-4885 ms-image\" aria-roledescription=\"slide\" aria-label=\"slide-4885\"><img src=\"https:\/\/chatel-medieval.com\/wp-content\/uploads\/2022\/11\/Livret-retracant-lexposition5-1200x1700.png\" height=\"1700\" width=\"1200\" alt=\"\" class=\"slider-4843 slide-4885\" title=\"Livret retracant l&#039;exposition5\" \/><\/li>\n                <li style=\"display: none; width: 100%;\" class=\"slide-4886 ms-image\" aria-roledescription=\"slide\" aria-label=\"slide-4886\"><img src=\"https:\/\/chatel-medieval.com\/wp-content\/uploads\/2022\/11\/Livret-retracant-lexposition6-1200x1700.png\" height=\"1700\" width=\"1200\" alt=\"\" class=\"slider-4843 slide-4886\" title=\"Livret retracant l&#039;exposition6\" \/><\/li>\n                <li style=\"display: none; width: 100%;\" class=\"slide-4887 ms-image\" aria-roledescription=\"slide\" aria-label=\"slide-4887\"><img src=\"https:\/\/chatel-medieval.com\/wp-content\/uploads\/2022\/11\/Livret-retracant-lexposition7-1200x1700.png\" height=\"1700\" width=\"1200\" alt=\"\" class=\"slider-4843 slide-4887\" title=\"Livret retracant l&#039;exposition7\" \/><\/li>\n                <li style=\"display: none; width: 100%;\" class=\"slide-4888 ms-image\" aria-roledescription=\"slide\" aria-label=\"slide-4888\"><img src=\"https:\/\/chatel-medieval.com\/wp-content\/uploads\/2022\/11\/Livret-retracant-lexposition8-1200x1700.png\" height=\"1700\" width=\"1200\" alt=\"\" class=\"slider-4843 slide-4888\" title=\"Livret retracant l&#039;exposition8\" \/><\/li>\n                <li style=\"display: none; width: 100%;\" class=\"slide-4889 ms-image\" aria-roledescription=\"slide\" aria-label=\"slide-4889\"><img src=\"https:\/\/chatel-medieval.com\/wp-content\/uploads\/2022\/11\/Livret-retracant-lexposition9-1200x1700.png\" height=\"1700\" width=\"1200\" alt=\"\" class=\"slider-4843 slide-4889\" title=\"Livret retracant l&#039;exposition9\" \/><\/li>\n                <li style=\"display: none; width: 100%;\" class=\"slide-4890 ms-image\" aria-roledescription=\"slide\" aria-label=\"slide-4890\"><img src=\"https:\/\/chatel-medieval.com\/wp-content\/uploads\/2022\/11\/Livret-retracant-lexposition10-1200x1700.png\" height=\"1700\" width=\"1200\" alt=\"\" class=\"slider-4843 slide-4890\" title=\"Livret retracant l&#039;exposition10\" \/><\/li>\n                <li style=\"display: none; width: 100%;\" class=\"slide-4891 ms-image\" aria-roledescription=\"slide\" aria-label=\"slide-4891\"><img src=\"https:\/\/chatel-medieval.com\/wp-content\/uploads\/2022\/11\/Livret-retracant-lexposition11-1200x1700.png\" height=\"1700\" width=\"1200\" alt=\"\" class=\"slider-4843 slide-4891\" title=\"Livret retracant l&#039;exposition11\" \/><\/li>\n                <li style=\"display: none; width: 100%;\" class=\"slide-4892 ms-image\" aria-roledescription=\"slide\" aria-label=\"slide-4892\"><img src=\"https:\/\/chatel-medieval.com\/wp-content\/uploads\/2022\/11\/Livret-retracant-lexposition12-1200x1700.png\" height=\"1700\" width=\"1200\" alt=\"\" class=\"slider-4843 slide-4892\" title=\"Livret retracant l&#039;exposition12\" \/><\/li>\n                <li style=\"display: none; width: 100%;\" class=\"slide-4893 ms-image\" aria-roledescription=\"slide\" aria-label=\"slide-4893\"><img src=\"https:\/\/chatel-medieval.com\/wp-content\/uploads\/2022\/11\/Livret-retracant-lexposition13-1200x1700.png\" height=\"1700\" width=\"1200\" alt=\"\" class=\"slider-4843 slide-4893\" title=\"Livret retracant l&#039;exposition13\" \/><\/li>\n                <li style=\"display: none; width: 100%;\" class=\"slide-4894 ms-image\" aria-roledescription=\"slide\" aria-label=\"slide-4894\"><img src=\"https:\/\/chatel-medieval.com\/wp-content\/uploads\/2022\/11\/Livret-retracant-lexposition14-1200x1700.png\" height=\"1700\" width=\"1200\" alt=\"\" class=\"slider-4843 slide-4894\" title=\"Livret retracant l&#039;exposition14\" \/><\/li>\n                <li style=\"display: none; width: 100%;\" class=\"slide-4895 ms-image\" aria-roledescription=\"slide\" aria-label=\"slide-4895\"><img src=\"https:\/\/chatel-medieval.com\/wp-content\/uploads\/2022\/11\/Livret-retracant-lexposition15-1200x1700.png\" height=\"1700\" width=\"1200\" alt=\"\" class=\"slider-4843 slide-4895\" title=\"Livret retracant l&#039;exposition15\" \/><\/li>\n                <li style=\"display: none; width: 100%;\" class=\"slide-4896 ms-image\" aria-roledescription=\"slide\" aria-label=\"slide-4896\"><img src=\"https:\/\/chatel-medieval.com\/wp-content\/uploads\/2022\/11\/Livret-retracant-lexposition16-1200x1700.png\" height=\"1700\" width=\"1200\" alt=\"\" class=\"slider-4843 slide-4896\" title=\"Livret retracant l&#039;exposition16\" \/><\/li>\n                <li style=\"display: none; width: 100%;\" class=\"slide-4897 ms-image\" aria-roledescription=\"slide\" aria-label=\"slide-4897\"><img src=\"https:\/\/chatel-medieval.com\/wp-content\/uploads\/2022\/11\/Livret-retracant-lexposition17-1200x1700.png\" height=\"1700\" width=\"1200\" alt=\"\" class=\"slider-4843 slide-4897\" title=\"Livret retracant l&#039;exposition17\" \/><\/li>\n                <li style=\"display: none; width: 100%;\" class=\"slide-4898 ms-image\" aria-roledescription=\"slide\" aria-label=\"slide-4898\"><img src=\"https:\/\/chatel-medieval.com\/wp-content\/uploads\/2022\/11\/Livret-retracant-lexposition18-1200x1700.png\" height=\"1700\" width=\"1200\" alt=\"\" class=\"slider-4843 slide-4898\" title=\"Livret retracant l&#039;exposition18\" \/><\/li>\n                <li style=\"display: none; width: 100%;\" class=\"slide-4899 ms-image\" aria-roledescription=\"slide\" aria-label=\"slide-4899\"><img src=\"https:\/\/chatel-medieval.com\/wp-content\/uploads\/2022\/11\/Livret-retracant-lexposition19-1200x1700.png\" height=\"1700\" width=\"1200\" alt=\"\" class=\"slider-4843 slide-4899\" title=\"Livret retracant l&#039;exposition19\" \/><\/li>\n                <li style=\"display: none; width: 100%;\" class=\"slide-4900 ms-image\" aria-roledescription=\"slide\" aria-label=\"slide-4900\"><img src=\"https:\/\/chatel-medieval.com\/wp-content\/uploads\/2022\/11\/Livret-retracant-lexposition20-1200x1700.png\" height=\"1700\" width=\"1200\" alt=\"\" class=\"slider-4843 slide-4900\" title=\"Livret retracant l&#039;exposition20\" \/><\/li>\n                <li style=\"display: none; width: 100%;\" class=\"slide-4901 ms-image\" aria-roledescription=\"slide\" aria-label=\"slide-4901\"><img src=\"https:\/\/chatel-medieval.com\/wp-content\/uploads\/2022\/11\/Livret-retracant-lexposition21-1200x1700.png\" height=\"1700\" width=\"1200\" alt=\"\" class=\"slider-4843 slide-4901\" title=\"Livret retracant l&#039;exposition21\" \/><\/li>\n                <li style=\"display: none; width: 100%;\" class=\"slide-4902 ms-image\" aria-roledescription=\"slide\" aria-label=\"slide-4902\"><img src=\"https:\/\/chatel-medieval.com\/wp-content\/uploads\/2022\/11\/Livret-retracant-lexposition22-1200x1700.png\" height=\"1700\" width=\"1200\" alt=\"\" class=\"slider-4843 slide-4902\" title=\"Livret retracant l&#039;exposition22\" \/><\/li>\n                <li style=\"display: none; width: 100%;\" class=\"slide-4903 ms-image\" aria-roledescription=\"slide\" aria-label=\"slide-4903\"><img src=\"https:\/\/chatel-medieval.com\/wp-content\/uploads\/2022\/11\/Livret-retracant-lexposition23-1200x1700.png\" height=\"1700\" width=\"1200\" alt=\"\" class=\"slider-4843 slide-4903\" title=\"Livret retracant l&#039;exposition23\" \/><\/li>\n                <li style=\"display: none; width: 100%;\" class=\"slide-4904 ms-image\" aria-roledescription=\"slide\" aria-label=\"slide-4904\"><img src=\"https:\/\/chatel-medieval.com\/wp-content\/uploads\/2022\/11\/Livret-retracant-lexposition24-1200x1700.png\" height=\"1700\" width=\"1200\" alt=\"\" class=\"slider-4843 slide-4904\" title=\"Livret retracant l&#039;exposition24\" \/><\/li>\n                <li style=\"display: none; width: 100%;\" class=\"slide-4905 ms-image\" aria-roledescription=\"slide\" aria-label=\"slide-4905\"><img src=\"https:\/\/chatel-medieval.com\/wp-content\/uploads\/2022\/11\/Livret-retracant-lexposition25-1200x1700.png\" height=\"1700\" width=\"1200\" alt=\"\" class=\"slider-4843 slide-4905\" title=\"Livret retracant l&#039;exposition25\" \/><\/li>\n                <li style=\"display: none; width: 100%;\" class=\"slide-4906 ms-image\" aria-roledescription=\"slide\" aria-label=\"slide-4906\"><img src=\"https:\/\/chatel-medieval.com\/wp-content\/uploads\/2022\/11\/Livret-retracant-lexposition26-1200x1700.png\" height=\"1700\" width=\"1200\" alt=\"\" class=\"slider-4843 slide-4906\" title=\"Livret retracant l&#039;exposition26\" \/><\/li>\n                <li style=\"display: none; width: 100%;\" class=\"slide-4907 ms-image\" aria-roledescription=\"slide\" aria-label=\"slide-4907\"><img src=\"https:\/\/chatel-medieval.com\/wp-content\/uploads\/2022\/11\/Livret-retracant-lexposition27-1200x1700.png\" height=\"1700\" width=\"1200\" alt=\"\" class=\"slider-4843 slide-4907\" title=\"Livret retracant l&#039;exposition27\" \/><\/li>\n                <li style=\"display: none; width: 100%;\" class=\"slide-4908 ms-image\" aria-roledescription=\"slide\" aria-label=\"slide-4908\"><img src=\"https:\/\/chatel-medieval.com\/wp-content\/uploads\/2022\/11\/Livret-retracant-lexposition28-1200x1700.png\" height=\"1700\" width=\"1200\" alt=\"\" class=\"slider-4843 slide-4908\" title=\"Livret retracant l&#039;exposition28\" \/><\/li>\n                <li style=\"display: none; width: 100%;\" class=\"slide-4909 ms-image\" aria-roledescription=\"slide\" aria-label=\"slide-4909\"><img src=\"https:\/\/chatel-medieval.com\/wp-content\/uploads\/2022\/11\/Livret-retracant-lexposition29-1200x1700.png\" height=\"1700\" width=\"1200\" alt=\"\" class=\"slider-4843 slide-4909\" title=\"Livret retracant l&#039;exposition29\" \/><\/li>\n                <li style=\"display: none; width: 100%;\" class=\"slide-4910 ms-image\" aria-roledescription=\"slide\" aria-label=\"slide-4910\"><img src=\"https:\/\/chatel-medieval.com\/wp-content\/uploads\/2022\/11\/Livret-retracant-lexposition30-1200x1700.png\" height=\"1700\" width=\"1200\" alt=\"\" class=\"slider-4843 slide-4910\" title=\"Livret retracant l&#039;exposition30\" \/><\/li>\n                <li style=\"display: none; width: 100%;\" class=\"slide-4911 ms-image\" aria-roledescription=\"slide\" aria-label=\"slide-4911\"><img src=\"https:\/\/chatel-medieval.com\/wp-content\/uploads\/2022\/11\/Livret-retracant-lexposition31-1200x1700.png\" height=\"1700\" width=\"1200\" alt=\"\" class=\"slider-4843 slide-4911\" title=\"Livret retracant l&#039;exposition31\" \/><\/li>\n                <li style=\"display: none; width: 100%;\" class=\"slide-4912 ms-image\" aria-roledescription=\"slide\" aria-label=\"slide-4912\"><img src=\"https:\/\/chatel-medieval.com\/wp-content\/uploads\/2022\/11\/Livret-retracant-lexposition32-1200x1700.png\" height=\"1700\" width=\"1200\" alt=\"\" class=\"slider-4843 slide-4912\" title=\"Livret retracant l&#039;exposition32\" \/><\/li>\n                <li style=\"display: none; width: 100%;\" class=\"slide-4913 ms-image\" aria-roledescription=\"slide\" aria-label=\"slide-4913\"><img src=\"https:\/\/chatel-medieval.com\/wp-content\/uploads\/2022\/11\/Livret-retracant-lexposition33-1200x1700.png\" height=\"1700\" width=\"1200\" alt=\"\" class=\"slider-4843 slide-4913\" title=\"Livret retracant l&#039;exposition33\" \/><\/li>\n                <li style=\"display: none; width: 100%;\" class=\"slide-4914 ms-image\" aria-roledescription=\"slide\" aria-label=\"slide-4914\"><img src=\"https:\/\/chatel-medieval.com\/wp-content\/uploads\/2022\/11\/Livret-retracant-lexposition34-1200x1700.png\" height=\"1700\" width=\"1200\" alt=\"\" class=\"slider-4843 slide-4914\" title=\"Livret retracant l&#039;exposition34\" \/><\/li>\n                <li style=\"display: none; width: 100%;\" class=\"slide-4915 ms-image\" aria-roledescription=\"slide\" aria-label=\"slide-4915\"><img src=\"https:\/\/chatel-medieval.com\/wp-content\/uploads\/2022\/11\/Livret-retracant-lexposition35-1200x1700.png\" height=\"1700\" width=\"1200\" alt=\"\" class=\"slider-4843 slide-4915\" title=\"Livret retracant l&#039;exposition35\" \/><\/li>\n                <li style=\"display: none; width: 100%;\" class=\"slide-4880 ms-image\" aria-roledescription=\"slide\" aria-label=\"slide-4880\"><img src=\"https:\/\/chatel-medieval.com\/wp-content\/uploads\/2022\/11\/Livret-retracant-lexposition36-1200x1700.png\" height=\"1700\" width=\"1200\" alt=\"\" class=\"slider-4843 slide-4880\" title=\"Livret retracant l&#039;exposition36\" \/><\/li>\n            <\/ul>\n        <\/div>\n        \n    <\/div>\n<\/div>\n\n\n<div class=\"wp-block-file eplus-wrapper eplus-styles-uid-c2ad6c\"><a href=\"https:\/\/chatel-medieval.com\/wp-content\/uploads\/2023\/02\/Livret-retracant-lexposition.pdf\">50 ans, 50 photos &#8211; Le livret de l&#8217;exposition<\/a><a href=\"https:\/\/chatel-medieval.com\/wp-content\/uploads\/2023\/02\/Livret-retracant-lexposition.pdf\" class=\"wp-block-file__button\" download>T\u00e9l\u00e9charger<\/a><\/div>\n\n\n<p class=\" eplus-wrapper\"><\/p>\n","protected":false},"excerpt":{"rendered":"<p>En cette ann\u00e9e 2022, l&#8217;association du Vieux Ch\u00e2tel f\u00eate son Jubil\u00e9. 50 ans <a class=\"more-link\" href=\"https:\/\/chatel-medieval.com\/en\/50-ans-50-photos-lexposition\/\">Lire la suite<\/a><\/p>\n","protected":false},"author":5,"featured_media":0,"parent":0,"menu_order":0,"comment_status":"closed","ping_status":"closed","template":"","meta":{"inline_featured_image":false,"editor_plus_copied_stylings":"{}"},"translation":{"provider":"WPGlobus","version":"2.12.2","language":"en","enabled_languages":["fr","en"],"languages":{"fr":{"title":true,"content":true,"excerpt":false},"en":{"title":false,"content":false,"excerpt":false}}},"_links":{"self":[{"href":"https:\/\/chatel-medieval.com\/en\/wp-json\/wp\/v2\/pages\/4757"}],"collection":[{"href":"https:\/\/chatel-medieval.com\/en\/wp-json\/wp\/v2\/pages"}],"about":[{"href":"https:\/\/chatel-medieval.com\/en\/wp-json\/wp\/v2\/types\/page"}],"author":[{"embeddable":true,"href":"https:\/\/chatel-medieval.com\/en\/wp-json\/wp\/v2\/users\/5"}],"replies":[{"embeddable":true,"href":"https:\/\/chatel-medieval.com\/en\/wp-json\/wp\/v2\/comments?post=4757"}],"version-history":[{"count":12,"href":"https:\/\/chatel-medieval.com\/en\/wp-json\/wp\/v2\/pages\/4757\/revisions"}],"predecessor-version":[{"id":5076,"href":"https:\/\/chatel-medieval.com\/en\/wp-json\/wp\/v2\/pages\/4757\/revisions\/5076"}],"wp:attachment":[{"href":"https:\/\/chatel-medieval.com\/en\/wp-json\/wp\/v2\/media?parent=4757"}],"curies":[{"name":"wp","href":"https:\/\/api.w.org\/{rel}","templated":true}]}}