{"id":4552,"date":"2022-01-27T14:50:35","date_gmt":"2022-01-27T13:50:35","guid":{"rendered":"https:\/\/chatel-medieval.com\/?page_id=4552"},"modified":"2026-01-26T17:43:31","modified_gmt":"2026-01-26T16:43:31","slug":"les-medievales","status":"publish","type":"page","link":"https:\/\/chatel-medieval.com\/en\/les-medievales\/","title":{"rendered":"Les M\u00e9di\u00e9vales"},"content":{"rendered":"<p>La f\u00eate m\u00e9di\u00e9vale n&#8217;aura pas lieu en 2026 mais seulement en 2027.<\/p>\n<p>N&#8217;h\u00e9sitez pas \u00e0 nous suivre sur nos r\u00e9seaux sociaux pour vous tenir au courant des derni\u00e8res nouvelles.<\/p>\n","protected":false},"excerpt":{"rendered":"<p>La f\u00eate m\u00e9di\u00e9vale n&#8217;aura pas lieu en 2026 mais seulement en 2027. N&#8217;h\u00e9sitez <a class=\"more-link\" href=\"https:\/\/chatel-medieval.com\/en\/les-medievales\/\">Lire la suite<\/a><\/p>\n","protected":false},"author":5,"featured_media":4557,"parent":0,"menu_order":0,"comment_status":"closed","ping_status":"closed","template":"","meta":{"inline_featured_image":false,"editor_plus_copied_stylings":"{}"},"translation":{"provider":"WPGlobus","version":"2.12.2","language":"en","enabled_languages":["fr","en"],"languages":{"fr":{"title":true,"content":true,"excerpt":false},"en":{"title":false,"content":false,"excerpt":false}}},"_links":{"self":[{"href":"https:\/\/chatel-medieval.com\/en\/wp-json\/wp\/v2\/pages\/4552"}],"collection":[{"href":"https:\/\/chatel-medieval.com\/en\/wp-json\/wp\/v2\/pages"}],"about":[{"href":"https:\/\/chatel-medieval.com\/en\/wp-json\/wp\/v2\/types\/page"}],"author":[{"embeddable":true,"href":"https:\/\/chatel-medieval.com\/en\/wp-json\/wp\/v2\/users\/5"}],"replies":[{"embeddable":true,"href":"https:\/\/chatel-medieval.com\/en\/wp-json\/wp\/v2\/comments?post=4552"}],"version-history":[{"count":10,"href":"https:\/\/chatel-medieval.com\/en\/wp-json\/wp\/v2\/pages\/4552\/revisions"}],"predecessor-version":[{"id":5544,"href":"https:\/\/chatel-medieval.com\/en\/wp-json\/wp\/v2\/pages\/4552\/revisions\/5544"}],"wp:featuredmedia":[{"embeddable":true,"href":"https:\/\/chatel-medieval.com\/en\/wp-json\/wp\/v2\/media\/4557"}],"wp:attachment":[{"href":"https:\/\/chatel-medieval.com\/en\/wp-json\/wp\/v2\/media?parent=4552"}],"curies":[{"name":"wp","href":"https:\/\/api.w.org\/{rel}","templated":true}]}}