{"id":3566,"date":"2021-05-07T11:44:05","date_gmt":"2021-05-07T09:44:05","guid":{"rendered":"https:\/\/chatel-medieval.com\/?page_id=3566"},"modified":"2023-02-28T15:24:17","modified_gmt":"2023-02-28T14:24:17","slug":"adherer","status":"publish","type":"page","link":"https:\/\/chatel-medieval.com\/en\/adherer\/","title":{"rendered":"Adh\u00e9rer"},"content":{"rendered":"\n<p class=\" eplus-wrapper\">Il vous est maintenant possible d&#8217;adh\u00e9rer \u00e0 l&#8217;association. Pour cela, envoyez nous un mail \u00e0 l&#8217;adresse suivante: reservation@vieux-chatel.fr.<\/p>\n\n\n\n<p class=\" eplus-wrapper\"><\/p>\n","protected":false},"excerpt":{"rendered":"<p>Il vous est maintenant possible d&#8217;adh\u00e9rer \u00e0 l&#8217;association. Pour cela, envoyez nous un <a class=\"more-link\" href=\"https:\/\/chatel-medieval.com\/en\/adherer\/\">Lire la suite<\/a><\/p>\n","protected":false},"author":5,"featured_media":0,"parent":0,"menu_order":0,"comment_status":"closed","ping_status":"closed","template":"","meta":{"inline_featured_image":false,"editor_plus_copied_stylings":"{}"},"translation":{"provider":"WPGlobus","version":"2.12.2","language":"en","enabled_languages":["fr","en"],"languages":{"fr":{"title":true,"content":true,"excerpt":false},"en":{"title":false,"content":false,"excerpt":false}}},"_links":{"self":[{"href":"https:\/\/chatel-medieval.com\/en\/wp-json\/wp\/v2\/pages\/3566"}],"collection":[{"href":"https:\/\/chatel-medieval.com\/en\/wp-json\/wp\/v2\/pages"}],"about":[{"href":"https:\/\/chatel-medieval.com\/en\/wp-json\/wp\/v2\/types\/page"}],"author":[{"embeddable":true,"href":"https:\/\/chatel-medieval.com\/en\/wp-json\/wp\/v2\/users\/5"}],"replies":[{"embeddable":true,"href":"https:\/\/chatel-medieval.com\/en\/wp-json\/wp\/v2\/comments?post=3566"}],"version-history":[{"count":12,"href":"https:\/\/chatel-medieval.com\/en\/wp-json\/wp\/v2\/pages\/3566\/revisions"}],"predecessor-version":[{"id":5077,"href":"https:\/\/chatel-medieval.com\/en\/wp-json\/wp\/v2\/pages\/3566\/revisions\/5077"}],"wp:attachment":[{"href":"https:\/\/chatel-medieval.com\/en\/wp-json\/wp\/v2\/media?parent=3566"}],"curies":[{"name":"wp","href":"https:\/\/api.w.org\/{rel}","templated":true}]}}