{"id":3499,"date":"2021-05-05T15:25:17","date_gmt":"2021-05-05T13:25:17","guid":{"rendered":"https:\/\/chatel-medieval.com\/?page_id=3499"},"modified":"2022-01-14T11:53:29","modified_gmt":"2022-01-14T10:53:29","slug":"videos","status":"publish","type":"page","link":"https:\/\/chatel-medieval.com\/en\/videos\/","title":{"rendered":"Photos"},"content":{"rendered":"<div id=\"metaslider-id-3884\" style=\"max-width: 1200px;\" class=\"ml-slider-3-33-0 metaslider metaslider-flex metaslider-3884 ml-slider ms-theme-default\" role=\"region\" aria-roledescription=\"Slideshow\" aria-label=\"Nouveau diaporama\">\n    <div id=\"metaslider_container_3884\">\n        <div id=\"metaslider_3884\">\n            <ul aria-live=\"polite\" class=\"slides\">\n                <li style=\"display: block; width: 100%;\" class=\"slide-3885 ms-image\" aria-roledescription=\"slide\" aria-label=\"slide-3885\"><img src=\"https:\/\/chatel-medieval.com\/wp-content\/uploads\/2021\/03\/8-Fortifications-cote-Moselle-recto-1200x800.jpg\" height=\"800\" width=\"1200\" alt=\"\" class=\"slider-3884 slide-3885\" \/><\/li>\n                <li style=\"display: none; width: 100%;\" class=\"slide-3889 ms-image\" aria-roledescription=\"slide\" aria-label=\"slide-3889\"><img src=\"https:\/\/chatel-medieval.com\/wp-content\/uploads\/2021\/03\/FetMed-053-e1624867472360-388x259.jpg\" height=\"800\" width=\"1200\" alt=\"Tir au canon\" class=\"slider-3884 slide-3889\" title=\"F\u00eate m\u00e9di\u00e9vale (tir au canon)\" \/><\/li>\n                <li style=\"display: none; width: 100%;\" class=\"slide-3886 ms-image\" aria-roledescription=\"slide\" aria-label=\"slide-3886\"><img src=\"https:\/\/chatel-medieval.com\/wp-content\/uploads\/2021\/03\/12374995_1213788348635745_1059971190322003643_o-968x645.jpg\" height=\"800\" width=\"1200\" alt=\"\" class=\"slider-3884 slide-3886\" title=\"Le jardin m\u00e9di\u00e9vale et ses remparts\" \/><\/li>\n                <li style=\"display: none; width: 100%;\" class=\"slide-3887 ms-image\" aria-roledescription=\"slide\" aria-label=\"slide-3887\"><img src=\"https:\/\/chatel-medieval.com\/wp-content\/uploads\/2021\/03\/38026238_645823112440065_1395494548746010624_o-e1623140434649-1119x746.jpg\" height=\"800\" width=\"1200\" alt=\"\" class=\"slider-3884 slide-3887\" title=\"Ruines et Centre Guyot d&#039;Avilley\" \/><\/li>\n                <li style=\"display: none; width: 100%;\" class=\"slide-3894 ms-image\" aria-roledescription=\"slide\" aria-label=\"slide-3894\"><img src=\"https:\/\/chatel-medieval.com\/wp-content\/uploads\/2021\/06\/A8C7380-scaled-1200x800.jpg\" height=\"800\" width=\"1200\" alt=\"\" class=\"slider-3884 slide-3894\" title=\"Boulangerie\" \/><\/li>\n                <li style=\"display: none; width: 100%;\" class=\"slide-3895 ms-image\" aria-roledescription=\"slide\" aria-label=\"slide-3895\"><img src=\"https:\/\/chatel-medieval.com\/wp-content\/uploads\/2021\/05\/2009-1200x800.jpg\" height=\"800\" width=\"1200\" alt=\"\" class=\"slider-3884 slide-3895\" title=\"Double enceinte Nord\" \/><\/li>\n                <li style=\"display: none; width: 100%;\" class=\"slide-3896 ms-image\" aria-roledescription=\"slide\" aria-label=\"slide-3896\"><img src=\"https:\/\/chatel-medieval.com\/wp-content\/uploads\/2020\/01\/F\u00eate-m\u00e9di\u00e9vale-2018-1200x800.jpg\" height=\"800\" width=\"1200\" alt=\"F\u00eate m\u00e9di\u00e9vale 2018\" class=\"slider-3884 slide-3896\" title=\"F\u00eate m\u00e9di\u00e9vale 2018\" \/><\/li>\n                <li style=\"display: none; width: 100%;\" class=\"slide-3897 ms-image\" aria-roledescription=\"slide\" aria-label=\"slide-3897\"><img src=\"https:\/\/chatel-medieval.com\/wp-content\/uploads\/2017\/01\/Chatel-chantier-3-1-1024x683.jpg\" height=\"800\" width=\"1200\" alt=\"Ch\u00e2teau chatel sur moselle\" class=\"slider-3884 slide-3897\" title=\"Chatel-chantier-3\" \/><\/li>\n                <li style=\"display: none; width: 100%;\" class=\"slide-3898 ms-image\" aria-roledescription=\"slide\" aria-label=\"slide-3898\"><img src=\"https:\/\/chatel-medieval.com\/wp-content\/uploads\/2017\/01\/chatel-5-R.-Crozat-1-1200x800.jpg\" height=\"800\" width=\"1200\" alt=\"Ch\u00e2teau chatel sur moselle\" class=\"slider-3884 slide-3898\" title=\"chatel-5-R.-Crozat\" \/><\/li>\n                <li style=\"display: none; width: 100%;\" class=\"slide-3899 ms-image\" aria-roledescription=\"slide\" aria-label=\"slide-3899\"><img src=\"https:\/\/chatel-medieval.com\/wp-content\/uploads\/2021\/03\/photo-1-1200x800.jpg\" height=\"800\" width=\"1200\" alt=\"\" class=\"slider-3884 slide-3899\" title=\"Rempart nord\" \/><\/li>\n                <li style=\"display: none; width: 100%;\" class=\"slide-3900 ms-image\" aria-roledescription=\"slide\" aria-label=\"slide-3900\"><img src=\"https:\/\/chatel-medieval.com\/wp-content\/uploads\/2021\/03\/DSC_1277-scaled-e1623142876308-1200x800.jpg\" height=\"800\" width=\"1200\" alt=\"\" class=\"slider-3884 slide-3900\" title=\"Rempart nord vu des foss\u00e9s\" \/><\/li>\n                <li style=\"display: none; width: 100%;\" class=\"slide-3901 ms-image\" aria-roledescription=\"slide\" aria-label=\"slide-3901\"><img src=\"https:\/\/chatel-medieval.com\/wp-content\/uploads\/2021\/05\/Image-chateau-original-1-scaled-e1623142742573-1200x800.bmp\" height=\"800\" width=\"1200\" alt=\"\" class=\"slider-3884 slide-3901\" title=\"Image ch\u00e2teau original\" \/><\/li>\n                <li style=\"display: none; width: 100%;\" class=\"slide-3905 ms-image\" aria-roledescription=\"slide\" aria-label=\"slide-3905\"><img src=\"https:\/\/chatel-medieval.com\/wp-content\/uploads\/2021\/05\/IVR41_20118810726NUC2A_1-1200x800.jpg\" height=\"800\" width=\"1200\" alt=\"\" class=\"slider-3884 slide-3905\" title=\"Vestiges\" \/><\/li>\n                <li style=\"display: none; width: 100%;\" class=\"slide-3911 ms-image\" aria-roledescription=\"slide\" aria-label=\"slide-3911\"><img src=\"https:\/\/chatel-medieval.com\/wp-content\/uploads\/2021\/05\/chevalier-torche-e1624195061698-1200x800.jpg\" height=\"800\" width=\"1200\" alt=\"\" class=\"slider-3884 slide-3911\" title=\"chevalier torche\" \/><\/li>\n                <li style=\"display: none; width: 100%;\" class=\"slide-3907 ms-image\" aria-roledescription=\"slide\" aria-label=\"slide-3907\"><img src=\"https:\/\/chatel-medieval.com\/wp-content\/uploads\/2021\/05\/IVR41_20118810722NUC2A_1-1200x800.jpg\" height=\"800\" width=\"1200\" alt=\"\" class=\"slider-3884 slide-3907\" title=\"B\u00e2ton \u00e0 feu\" \/><\/li>\n                <li style=\"display: none; width: 100%;\" class=\"slide-3908 ms-image\" aria-roledescription=\"slide\" aria-label=\"slide-3908\"><img src=\"https:\/\/chatel-medieval.com\/wp-content\/uploads\/2021\/05\/maquette-2-scaled-e1623143069740-1200x800.jpg\" height=\"800\" width=\"1200\" alt=\"\" class=\"slider-3884 slide-3908\" title=\"Maquette du mus\u00e9e\" \/><\/li>\n                <li style=\"display: none; width: 100%;\" class=\"slide-3909 ms-image\" aria-roledescription=\"slide\" aria-label=\"slide-3909\"><img src=\"https:\/\/chatel-medieval.com\/wp-content\/uploads\/2021\/05\/2019-scaled-1200x800.jpg\" height=\"800\" width=\"1200\" alt=\"\" class=\"slider-3884 slide-3909\" title=\"Chantier joints mur\" \/><\/li>\n            <\/ul>\n        <\/div>\n        \n    <\/div>\n<\/div>\n","protected":false},"excerpt":{"rendered":"","protected":false},"author":5,"featured_media":0,"parent":0,"menu_order":0,"comment_status":"closed","ping_status":"closed","template":"","meta":{"inline_featured_image":false,"editor_plus_copied_stylings":"{}"},"translation":{"provider":"WPGlobus","version":"2.12.2","language":"en","enabled_languages":["fr","en"],"languages":{"fr":{"title":true,"content":true,"excerpt":false},"en":{"title":true,"content":true,"excerpt":false}}},"_links":{"self":[{"href":"https:\/\/chatel-medieval.com\/en\/wp-json\/wp\/v2\/pages\/3499"}],"collection":[{"href":"https:\/\/chatel-medieval.com\/en\/wp-json\/wp\/v2\/pages"}],"about":[{"href":"https:\/\/chatel-medieval.com\/en\/wp-json\/wp\/v2\/types\/page"}],"author":[{"embeddable":true,"href":"https:\/\/chatel-medieval.com\/en\/wp-json\/wp\/v2\/users\/5"}],"replies":[{"embeddable":true,"href":"https:\/\/chatel-medieval.com\/en\/wp-json\/wp\/v2\/comments?post=3499"}],"version-history":[{"count":5,"href":"https:\/\/chatel-medieval.com\/en\/wp-json\/wp\/v2\/pages\/3499\/revisions"}],"predecessor-version":[{"id":4520,"href":"https:\/\/chatel-medieval.com\/en\/wp-json\/wp\/v2\/pages\/3499\/revisions\/4520"}],"wp:attachment":[{"href":"https:\/\/chatel-medieval.com\/en\/wp-json\/wp\/v2\/media?parent=3499"}],"curies":[{"name":"wp","href":"https:\/\/api.w.org\/{rel}","templated":true}]}}