{"id":3477,"date":"2021-05-05T13:21:36","date_gmt":"2021-05-05T11:21:36","guid":{"rendered":"https:\/\/chatel-medieval.com\/?page_id=3477"},"modified":"2024-01-25T15:37:00","modified_gmt":"2024-01-25T14:37:00","slug":"initiations","status":"publish","type":"page","link":"https:\/\/chatel-medieval.com\/en\/initiations\/","title":{"rendered":"Les initiations"},"content":{"rendered":"<p style=\"text-align: justify;\">Quel que soit votre niveau technique, ces journ\u00e9es d&#8217;initiation aux m\u00e9tiers d&#8217;art vous permettront de r\u00e9aliser un produit que vous emporterez avec vous.<\/p>\n<p>Que ce soit pour vous initier ou vous perfectionner, vous conduirez toutes les \u00e9tapes de fabrication.<\/p>\n<p style=\"text-align: justify;\">Pour la cr\u00e9ation d&#8217;une \u0153uvre plus cons\u00e9quente, plusieurs s\u00e9ances vous seront n\u00e9cessaires.<\/p>\n<ul>\n<li>Journ\u00e9es d&#8217;initiation \u00e0 la forge<br \/>4 samedi sur l&#8217;ann\u00e9e<\/li>\n<li style=\"text-align: justify;\">Journ\u00e9es d&#8217;initiation \u00e0 la taille et sculpture sur pierre<br \/>3 samedi sur l&#8217;ann\u00e9e<\/li>\n<li style=\"text-align: justify;\">Journ\u00e9es d&#8217;initiation au vitrail<br \/>1 samedi par mois<\/li>\n<\/ul>\n\n\n<div class=\"alignnormal\"><div id=\"metaslider-id-4030\" style=\"width: 100%;\" class=\"ml-slider-3-33-0 metaslider metaslider-flex metaslider-4030 ml-slider ms-theme-default\" role=\"region\" aria-roledescription=\"Slideshow\" aria-label=\"Nouveau diaporama\">\n    <div id=\"metaslider_container_4030\">\n        <div id=\"metaslider_4030\">\n            <ul aria-live=\"polite\" class=\"slides\">\n                <li style=\"display: block; width: 100%;\" class=\"slide-4046 ms-image\" aria-roledescription=\"slide\" aria-label=\"slide-4046\"><img src=\"https:\/\/chatel-medieval.com\/wp-content\/uploads\/2020\/01\/Stage-taille-de-pierre-2020-1200x1700.jpg\" height=\"1700\" width=\"1200\" alt=\"\" class=\"slider-4030 slide-4046\" title=\"Stage taille de pierre 2020\" \/><\/li>\n                <li style=\"display: none; width: 100%;\" class=\"slide-4035 ms-image\" aria-roledescription=\"slide\" aria-label=\"slide-4035\"><img src=\"https:\/\/chatel-medieval.com\/wp-content\/uploads\/2021\/06\/IMG_1232-scaled-1200x1700.jpg\" height=\"1700\" width=\"1200\" alt=\"\" class=\"slider-4030 slide-4035\" title=\"Sculpture sur pierre\" \/><\/li>\n                <li style=\"display: none; width: 100%;\" class=\"slide-4038 ms-image\" aria-roledescription=\"slide\" aria-label=\"slide-4038\"><img src=\"https:\/\/chatel-medieval.com\/wp-content\/uploads\/2021\/06\/DSCN1043-scaled-1200x1700.jpg\" height=\"1700\" width=\"1200\" alt=\"\" class=\"slider-4030 slide-4038\" title=\"Outils forge\" \/><\/li>\n                <li style=\"display: none; width: 100%;\" class=\"slide-4039 ms-image\" aria-roledescription=\"slide\" aria-label=\"slide-4039\"><img src=\"https:\/\/chatel-medieval.com\/wp-content\/uploads\/2021\/06\/IMG_20190928_161247-scaled-1200x1700.jpg\" height=\"1700\" width=\"1200\" alt=\"\" class=\"slider-4030 slide-4039\" title=\"IMG_20190928_161247\" \/><\/li>\n                <li style=\"display: none; width: 100%;\" class=\"slide-4040 ms-image\" aria-roledescription=\"slide\" aria-label=\"slide-4040\"><img src=\"https:\/\/chatel-medieval.com\/wp-content\/uploads\/2021\/06\/14-03-15-13-scaled-1200x1700.jpg\" height=\"1700\" width=\"1200\" alt=\"\" class=\"slider-4030 slide-4040\" title=\"14 03 15 (13)\" \/><\/li>\n                <li style=\"display: none; width: 100%;\" class=\"slide-4041 ms-image\" aria-roledescription=\"slide\" aria-label=\"slide-4041\"><img src=\"https:\/\/chatel-medieval.com\/wp-content\/uploads\/2021\/06\/IMG_20190928_154850-scaled-1200x1700.jpg\" height=\"1700\" width=\"1200\" alt=\"\" class=\"slider-4030 slide-4041\" title=\"IMG_20190928_154850\" \/><\/li>\n                <li style=\"display: none; width: 100%;\" class=\"slide-4042 ms-image\" aria-roledescription=\"slide\" aria-label=\"slide-4042\"><img src=\"https:\/\/chatel-medieval.com\/wp-content\/uploads\/2021\/06\/IMG_20190928_161147-scaled-1200x1700.jpg\" height=\"1700\" width=\"1200\" alt=\"\" class=\"slider-4030 slide-4042\" title=\"IMG_20190928_161147\" \/><\/li>\n                <li style=\"display: none; width: 100%;\" class=\"slide-4044 ms-image\" aria-roledescription=\"slide\" aria-label=\"slide-4044\"><img src=\"https:\/\/chatel-medieval.com\/wp-content\/uploads\/2021\/06\/DSCN1031-scaled-1200x1700.jpg\" height=\"1700\" width=\"1200\" alt=\"\" class=\"slider-4030 slide-4044\" title=\"Atelier forge\" \/><\/li>\n                <li style=\"display: none; width: 100%;\" class=\"slide-4045 ms-image\" aria-roledescription=\"slide\" aria-label=\"slide-4045\"><img src=\"https:\/\/chatel-medieval.com\/wp-content\/uploads\/2021\/06\/DSC0033-scaled-1200x1700.jpg\" height=\"1700\" width=\"1200\" alt=\"\" class=\"slider-4030 slide-4045\" title=\"_DSC0033\" \/><\/li>\n            <\/ul>\n        <\/div>\n        \n    <\/div>\n<\/div><\/div>\n","protected":false},"excerpt":{"rendered":"<p>Quel que soit votre niveau technique, ces journ\u00e9es d&#8217;initiation aux m\u00e9tiers d&#8217;art vous <a class=\"more-link\" href=\"https:\/\/chatel-medieval.com\/en\/initiations\/\">Lire la suite<\/a><\/p>\n","protected":false},"author":5,"featured_media":4056,"parent":0,"menu_order":0,"comment_status":"closed","ping_status":"closed","template":"","meta":{"inline_featured_image":false,"editor_plus_copied_stylings":"{}"},"translation":{"provider":"WPGlobus","version":"2.12.2","language":"en","enabled_languages":["fr","en"],"languages":{"fr":{"title":true,"content":true,"excerpt":false},"en":{"title":false,"content":false,"excerpt":false}}},"_links":{"self":[{"href":"https:\/\/chatel-medieval.com\/en\/wp-json\/wp\/v2\/pages\/3477"}],"collection":[{"href":"https:\/\/chatel-medieval.com\/en\/wp-json\/wp\/v2\/pages"}],"about":[{"href":"https:\/\/chatel-medieval.com\/en\/wp-json\/wp\/v2\/types\/page"}],"author":[{"embeddable":true,"href":"https:\/\/chatel-medieval.com\/en\/wp-json\/wp\/v2\/users\/5"}],"replies":[{"embeddable":true,"href":"https:\/\/chatel-medieval.com\/en\/wp-json\/wp\/v2\/comments?post=3477"}],"version-history":[{"count":16,"href":"https:\/\/chatel-medieval.com\/en\/wp-json\/wp\/v2\/pages\/3477\/revisions"}],"predecessor-version":[{"id":5239,"href":"https:\/\/chatel-medieval.com\/en\/wp-json\/wp\/v2\/pages\/3477\/revisions\/5239"}],"wp:featuredmedia":[{"embeddable":true,"href":"https:\/\/chatel-medieval.com\/en\/wp-json\/wp\/v2\/media\/4056"}],"wp:attachment":[{"href":"https:\/\/chatel-medieval.com\/en\/wp-json\/wp\/v2\/media?parent=3477"}],"curies":[{"name":"wp","href":"https:\/\/api.w.org\/{rel}","templated":true}]}}