{"id":3355,"date":"2021-05-03T15:02:32","date_gmt":"2021-05-03T13:02:32","guid":{"rendered":"https:\/\/chatel-medieval.com\/?page_id=3355"},"modified":"2023-02-28T13:46:21","modified_gmt":"2023-02-28T12:46:21","slug":"notre-livret-doffre","status":"publish","type":"page","link":"https:\/\/chatel-medieval.com\/en\/preparer-sa-visite\/notre-livret-doffre\/","title":{"rendered":"Notre livret d&#8217;offres"},"content":{"rendered":"\n<p class=\" eplus-wrapper\">Vous trouverez dans cette section nos diff\u00e9rentes offres pour la p\u00e9riode 2021-2022. <br>Nous restons disponible par t\u00e9l\u00e9phone ou mail pour plus d&#8217;informations.<\/p>\n\n\n<a href=\"https:\/\/chatel-medieval.com\/wp-content\/uploads\/2023\/02\/Nos-offres-livret.pdf\" class=\"pdfemb-viewer\" style=\"\" data-width=\"max\" data-height=\"max\"  data-toolbar=\"both\" data-toolbar-fixed=\"off\">Nos offres livret<br\/><\/a>\n\n\n<div class=\"wp-block-file\"><a href=\"https:\/\/chatel-medieval.com\/wp-content\/uploads\/2023\/02\/Nos-offres-livret.pdf\">Nos offres 2023-2024<\/a><a href=\"https:\/\/chatel-medieval.com\/wp-content\/uploads\/2023\/02\/Nos-offres-livret.pdf\" class=\"wp-block-file__button\" download>T\u00e9l\u00e9charger<\/a><\/div>\n\n\n\n<p class=\" eplus-wrapper\"><\/p>\n","protected":false},"excerpt":{"rendered":"<p>Vous trouverez dans cette section nos diff\u00e9rentes offres pour la p\u00e9riode 2021-2022. Nous <a class=\"more-link\" href=\"https:\/\/chatel-medieval.com\/en\/preparer-sa-visite\/notre-livret-doffre\/\">Lire la suite<\/a><\/p>\n","protected":false},"author":5,"featured_media":0,"parent":123,"menu_order":1,"comment_status":"closed","ping_status":"closed","template":"","meta":{"inline_featured_image":false,"editor_plus_copied_stylings":"{}"},"translation":{"provider":"WPGlobus","version":"2.12.2","language":"en","enabled_languages":["fr","en"],"languages":{"fr":{"title":true,"content":true,"excerpt":false},"en":{"title":false,"content":false,"excerpt":false}}},"_links":{"self":[{"href":"https:\/\/chatel-medieval.com\/en\/wp-json\/wp\/v2\/pages\/3355"}],"collection":[{"href":"https:\/\/chatel-medieval.com\/en\/wp-json\/wp\/v2\/pages"}],"about":[{"href":"https:\/\/chatel-medieval.com\/en\/wp-json\/wp\/v2\/types\/page"}],"author":[{"embeddable":true,"href":"https:\/\/chatel-medieval.com\/en\/wp-json\/wp\/v2\/users\/5"}],"replies":[{"embeddable":true,"href":"https:\/\/chatel-medieval.com\/en\/wp-json\/wp\/v2\/comments?post=3355"}],"version-history":[{"count":26,"href":"https:\/\/chatel-medieval.com\/en\/wp-json\/wp\/v2\/pages\/3355\/revisions"}],"predecessor-version":[{"id":5075,"href":"https:\/\/chatel-medieval.com\/en\/wp-json\/wp\/v2\/pages\/3355\/revisions\/5075"}],"up":[{"embeddable":true,"href":"https:\/\/chatel-medieval.com\/en\/wp-json\/wp\/v2\/pages\/123"}],"wp:attachment":[{"href":"https:\/\/chatel-medieval.com\/en\/wp-json\/wp\/v2\/media?parent=3355"}],"curies":[{"name":"wp","href":"https:\/\/api.w.org\/{rel}","templated":true}]}}